{"id":12,"date":"2014-09-29T14:23:18","date_gmt":"2014-09-29T12:23:18","guid":{"rendered":"http:\/\/www.lawall-stoehr.de\/shop\/?page_id=12"},"modified":"2014-09-29T14:47:09","modified_gmt":"2014-09-29T12:47:09","slug":"liefer-u-zahlungsbedingungen","status":"publish","type":"page","link":"https:\/\/www.lawall-stoehr.de\/shop\/?page_id=12","title":{"rendered":"Liefer- u. Zahlungsbedingungen"},"content":{"rendered":"<p><!-- IBGHTML --><\/p>\n<p>Verkaufsbedingungen &amp; Kontakt<\/p>\n<p>*Alle Angebote sind freibleibend. <br \/>*Fr\u00fchere Angebote werden hiermit aufgehoben. <br \/>*Die im Online-Shop genannten Preise sind Endpreise inkl MwSt., Glas und Verpackung.<br \/>*Das Eigentumsrecht der gelieferten Ware behalten wir uns bis zur vollst\u00e4ndigen Bezahlung ausdr\u00fccklich vor. <br \/>*Der Versand unserer Weine erfolgt durch DPD in 12er Versandkarton oder mit der Spedition in 6er Kartons f\u00fcr&nbsp; <br \/>&nbsp;&nbsp;Wein und Sekt. Bitte pr\u00fcfen Sie sofort bei Annahme der Sendung, ob sie unversehrt ist. Bei evtl. Sch\u00e4den <br \/>&nbsp;&nbsp;lassen Sie dies bitte durch lesbare Unterschrift des Auslieferers quittieren. <br \/>*Die Versandkosten gehen zu Lasten des Kunden.<br \/>&nbsp; Die&nbsp;Versandkosten werden dem Kunden vor Abgabe der Bestellung auf der \u00dcbersichtseite angezeigt.&nbsp;<br \/>*Die Bezahlung erfolgt grunds\u00e4tzlich per PAYPAL oder VORKASSE<br \/>*14- t\u00e4giges Widerrufsrecht<br \/>&nbsp;<\/p>\n<p>Weingut Lawall-St\u00f6hr<br \/>Freier Platz 14 <br \/>D-55232 Alzey-Heimersheim<br \/>Telefon 06731-41294&nbsp;<br \/>Telefax 06731-3219<br \/>e-mail: <a href=\"mailto:info@lawall-stoehr.de\">info@lawall-stoehr.de<\/a><br \/><a href=\"https:\/\/www.lawall-stoehr.de\">www.lawall-stoehr.de<\/a><\/p>\n","protected":false},"excerpt":{"rendered":"<p>Verkaufsbedingungen &amp; Kontakt *Alle Angebote sind freibleibend. *Fr\u00fchere Angebote werden hiermit aufgehoben. *Die im Online-Shop genannten Preise sind Endpreise inkl MwSt., Glas und Verpackung.*Das Eigentumsrecht der gelieferten Ware behalten wir uns bis zur vollst\u00e4ndigen Bezahlung ausdr\u00fccklich vor. *Der Versand unserer Weine erfolgt durch DPD in 12er Versandkarton oder mit der Spedition in 6er Kartons f\u00fcr&nbsp; [&hellip;]<\/p>\n","protected":false},"author":1,"featured_media":0,"parent":0,"menu_order":0,"comment_status":"closed","ping_status":"closed","template":"","meta":{"footnotes":""},"class_list":["post-12","page","type-page","status-publish","hentry"],"_links":{"self":[{"href":"https:\/\/www.lawall-stoehr.de\/shop\/index.php?rest_route=\/wp\/v2\/pages\/12"}],"collection":[{"href":"https:\/\/www.lawall-stoehr.de\/shop\/index.php?rest_route=\/wp\/v2\/pages"}],"about":[{"href":"https:\/\/www.lawall-stoehr.de\/shop\/index.php?rest_route=\/wp\/v2\/types\/page"}],"author":[{"embeddable":true,"href":"https:\/\/www.lawall-stoehr.de\/shop\/index.php?rest_route=\/wp\/v2\/users\/1"}],"replies":[{"embeddable":true,"href":"https:\/\/www.lawall-stoehr.de\/shop\/index.php?rest_route=%2Fwp%2Fv2%2Fcomments&post=12"}],"version-history":[{"count":2,"href":"https:\/\/www.lawall-stoehr.de\/shop\/index.php?rest_route=\/wp\/v2\/pages\/12\/revisions"}],"predecessor-version":[{"id":160,"href":"https:\/\/www.lawall-stoehr.de\/shop\/index.php?rest_route=\/wp\/v2\/pages\/12\/revisions\/160"}],"wp:attachment":[{"href":"https:\/\/www.lawall-stoehr.de\/shop\/index.php?rest_route=%2Fwp%2Fv2%2Fmedia&parent=12"}],"curies":[{"name":"wp","href":"https:\/\/api.w.org\/{rel}","templated":true}]}}