{"id":47586,"date":"2025-11-26T10:55:48","date_gmt":"2025-11-26T08:55:48","guid":{"rendered":"https:\/\/www.lawall-stoehr.de\/shop\/?product=2021er-cabernet-cubin-mildweinheimer-kapellenberg-qualitaetswein-075l"},"modified":"2025-11-26T10:55:48","modified_gmt":"2025-11-26T08:55:48","slug":"2021er-cabernet-cubin-mildweinheimer-kapellenberg-qualitaetswein-075l","status":"publish","type":"product","link":"https:\/\/www.lawall-stoehr.de\/shop\/?product=2021er-cabernet-cubin-mildweinheimer-kapellenberg-qualitaetswein-075l","title":{"rendered":"<br>2021er CABERNET  CUBIN   MILD<br>Weinheimer Kapellenberg   Qualit\u00e4tswein   0,75l<br>"},"content":{"rendered":"<div align=\"left\"><font size=\"1\">2021er CABERNET  CUBIN   MILD<br \/>Weinheimer Kapellenberg   Qualit\u00e4tswein   0,75l<\/p>\n<p>        <font color=\"#666666\"><!-- IBGHTML --><\/p>\n<p align=\"center\"><!-- IBGHTML --><strong>w\u00e4chst in&nbsp;einer unserer&nbsp;TOP- Lagen, sonnenverw\u00f6hntem Hang&nbsp;auf Rotliegendem Ton.<br \/><\/strong><strong>&#8211;&nbsp; Kapellenberg &#8211;<\/strong><strong><\/strong><strong><\/strong><font color=\"#000000\"><strong>Weinheim &#8211;<br \/><\/strong>Er ist farbkr\u00e4ftig, taninbetont, mild mit tollen Fruchtaromen von Kirsche, Brombeere und schwarzer Johannisbeere.&nbsp;<br \/>Gleichzeitig vollmundig, komplex und sehr nachhaltig.<br \/>Milder fruchtiger Geschmack und kr\u00e4ftige Alkoholgehalt.<br \/>Pa\u00dft bestens zu Schokolade, Wild, Lamm oder K\u00e4se.<br \/><\/font><font color=\"#000000\"><strong>&#8211; HINGABE PUR &#8211;<br \/><\/strong><strong>MIT DABEI IM&nbsp;PROBEPAKET &#8211; LIEBE &#8211;<font color=\"#000000\"><font color=\"#727272\"><\/font><\/font><\/strong><\/font><\/p>\n<p><\/font><\/p>\n<p><\/font><\/div>\n<table WIDTH=\"60%\" BORDER=\"0\" align=\"left\" CELLPADDING=\"0\" CELLSPACING=\"0\"><\/p>\n<tr><\/p>\n<td width=\"53%\"><font size=\"-1\">Artikelnummer:<\/font><\/td>\n<td width=\"47%\"><font size=\"-1\"><strong>1272<\/strong><\/font><\/td>\n<p><\/tr>\n<tr><\/p>\n<td><font size=\"-1\">Inhalt<\/font><\/td>\n<td><font size=\"-1\"><strong>0,75 Ltr.<\/strong><\/font><\/td>\n<p><\/tr>\n<tr ALIGN=\"LEFT\"><\/p>\n<td><font size=\"-1\">Preis\/Ltr.<\/font><\/td>\n<td><font size=\"-1\"><strong>10,80 EUR pro Ltr.<\/strong><\/font><\/td>\n<p><\/tr>\n<tr><\/p>\n<td><font size=\"-1\">Weinart:<\/font><\/td>\n<td><font size=\"-1\"><strong>Rotwein<\/strong><\/font><\/td>\n<p><\/tr>\n<tr><\/p>\n<td><font size=\"-1\">Qualit&auml;tsstufe<\/font><\/td>\n<td><font size=\"-1\"><strong>Qualit\u00e4tswein<\/strong><\/font><\/td>\n<p><\/tr>\n<tr><\/p>\n<td><font size=\"-1\">Rebsorte<\/font><\/td>\n<td><font size=\"-1\"><strong>Cabernet Cubin<\/strong><\/font><\/td>\n<p><\/tr>\n<tr>  <\/p>\n<td><font size=\"-1\">Restzuckergehalt<\/font><\/td>\n<p>  <\/p>\n<td><font size=\"-1\"><strong>28,1 g\/Ltr.<\/strong><\/font><\/td>\n<p><\/tr>\n<p><\/p>\n<tr><\/p>\n<td><font size=\"-1\">Alkoholgehalt<\/font><\/td>\n<td><font size=\"-1\"><strong>11,5 Vol. %<\/strong><\/font><\/td>\n<p><\/tr>\n<p><\/p>\n<tr>\n<td><font size=\"-1\">Bio:<\/font><\/td>\n<td><font size=\"-1\"><strong>NEIN<\/strong><\/font><\/td>\n<\/tr>\n<p><\/p>\n<tr>\n<td><font size=\"-1\">vegan:<\/font><\/td>\n<td><font size=\"-1\"><strong>NEIN<\/strong><\/font><\/td>\n<\/tr>\n<p><\/p>\n<tr>\n<td><font size=\"-1\">Ursprungsland:<\/font><\/td>\n<td><font size=\"-1\"><strong><\/strong><\/font><\/td>\n<\/tr>\n<p><\/p>\n<tr>\n<td><font size=\"-1\">enth\u00e4lt Allergene:<\/font><\/td>\n<td><font size=\"-1\"><strong>Sulfite<\/strong><\/font><\/td>\n<\/tr>\n<p><\/table>\n","protected":false},"excerpt":{"rendered":"<p>2021er CABERNET CUBIN MILDWeinheimer Kapellenberg Qualit\u00e4tswein 0,75l w\u00e4chst in&nbsp;einer unserer&nbsp;TOP- Lagen, sonnenverw\u00f6hntem Hang&nbsp;auf Rotliegendem Ton.&#8211;&nbsp; Kapellenberg &#8211;Weinheim &#8211;Er ist farbkr\u00e4ftig, taninbetont, mild mit tollen Fruchtaromen von Kirsche, Brombeere und schwarzer Johannisbeere.&nbsp;Gleichzeitig vollmundig, komplex und sehr nachhaltig.Milder fruchtiger Geschmack und kr\u00e4ftige Alkoholgehalt.Pa\u00dft bestens zu Schokolade, Wild, Lamm oder K\u00e4se.&#8211; HINGABE PUR &#8211;MIT DABEI IM&nbsp;PROBEPAKET &#8211; LIEBE [&hellip;]<\/p>\n","protected":false},"featured_media":47539,"comment_status":"open","ping_status":"closed","template":"","meta":[],"product_brand":[],"product_cat":[7031,7032],"product_tag":[],"class_list":{"0":"post-47586","1":"product","2":"type-product","3":"status-publish","4":"has-post-thumbnail","6":"product_cat-lagenweine-rot","7":"product_cat-rotweine","9":"first","10":"instock","11":"featured","12":"taxable","13":"shipping-taxable","14":"purchasable","15":"product-type-simple"},"_links":{"self":[{"href":"https:\/\/www.lawall-stoehr.de\/shop\/index.php?rest_route=\/wp\/v2\/product\/47586"}],"collection":[{"href":"https:\/\/www.lawall-stoehr.de\/shop\/index.php?rest_route=\/wp\/v2\/product"}],"about":[{"href":"https:\/\/www.lawall-stoehr.de\/shop\/index.php?rest_route=\/wp\/v2\/types\/product"}],"replies":[{"embeddable":true,"href":"https:\/\/www.lawall-stoehr.de\/shop\/index.php?rest_route=%2Fwp%2Fv2%2Fcomments&post=47586"}],"wp:featuredmedia":[{"embeddable":true,"href":"https:\/\/www.lawall-stoehr.de\/shop\/index.php?rest_route=\/wp\/v2\/media\/47539"}],"wp:attachment":[{"href":"https:\/\/www.lawall-stoehr.de\/shop\/index.php?rest_route=%2Fwp%2Fv2%2Fmedia&parent=47586"}],"wp:term":[{"taxonomy":"product_brand","embeddable":true,"href":"https:\/\/www.lawall-stoehr.de\/shop\/index.php?rest_route=%2Fwp%2Fv2%2Fproduct_brand&post=47586"},{"taxonomy":"product_cat","embeddable":true,"href":"https:\/\/www.lawall-stoehr.de\/shop\/index.php?rest_route=%2Fwp%2Fv2%2Fproduct_cat&post=47586"},{"taxonomy":"product_tag","embeddable":true,"href":"https:\/\/www.lawall-stoehr.de\/shop\/index.php?rest_route=%2Fwp%2Fv2%2Fproduct_tag&post=47586"}],"curies":[{"name":"wp","href":"https:\/\/api.w.org\/{rel}","templated":true}]}}