{"id":47589,"date":"2025-11-26T10:55:52","date_gmt":"2025-11-26T08:55:52","guid":{"rendered":"https:\/\/www.lawall-stoehr.de\/shop\/?product=2023er-sauvignon-blanc-trockenalzeyer-rotenfels-qualitaetswein-075l"},"modified":"2026-03-25T12:12:52","modified_gmt":"2026-03-25T10:12:52","slug":"2023er-sauvignon-blanc-trockenalzeyer-rotenfels-qualitaetswein-075l","status":"publish","type":"product","link":"https:\/\/www.lawall-stoehr.de\/shop\/?product=2023er-sauvignon-blanc-trockenalzeyer-rotenfels-qualitaetswein-075l","title":{"rendered":"<br>2023er SAUVIGNON BLANC  TROCKEN<br>Alzeyer Rotenfels   Qualit\u00e4tswein   0,75l<br>"},"content":{"rendered":"<div align=\"left\"><font size=\"1\">2023er SAUVIGNON BLANC  TROCKEN<br \/>Alzeyer Rotenfels   Qualit\u00e4tswein   0,75l<\/p>\n<p>        <font color=\"#666666\"><!-- IBGHTML --><!-- IBGHTML --><\/p>\n<p align=\"center\"><font color=\"#808080\" face=\"Frutiger 47 Light Condensed\" size=\"4\"><font color=\"#000000\"><strong><font size=\"3\">w\u00e4chst in&nbsp;einer unserer&nbsp;TOP- Lagen, sonnenverw\u00f6hntem Hang,&nbsp;auf leichtem Lehmboden.<br \/>&#8211;&nbsp;&nbsp;Rotenfels &#8211;<\/font><\/strong><font size=\"3\"><font face=\"Frutiger 47 Light Condensed\"><strong>&nbsp;Alzey&nbsp;&#8211;<\/strong><\/font><\/font><\/font><font size=\"3\"><br \/><font color=\"#000000\">Farbintensiv,&nbsp;Tockenes und kr\u00e4ftiges Aroma nach Gras, Stachelbeere, Ananas.<br \/>Vollmundig, Komplex und sehr Nachhaltig.<br \/>Idealer Begleiter zu Spargel, hellem Fleisch, Schinken, Gefl\u00fcgel, Fisch und K\u00e4se.<br \/><strong>&#8211; GLUT &#8211;<\/strong><br \/><strong><font color=\"#000000\">MIT DABEI IM PROBEPAKET&nbsp; &#8211; FLAMME &#8211;<\/font><\/strong><\/font><\/font><\/font><\/p>\n<p><\/font><\/p>\n<p><\/font><\/div>\n<table WIDTH=\"60%\" BORDER=\"0\" align=\"left\" CELLPADDING=\"0\" CELLSPACING=\"0\"><\/p>\n<tr><\/p>\n<td width=\"53%\"><font size=\"-1\">Artikelnummer:<\/font><\/td>\n<td width=\"47%\"><font size=\"-1\"><strong>1651<\/strong><\/font><\/td>\n<p><\/tr>\n<tr><\/p>\n<td><font size=\"-1\">Inhalt<\/font><\/td>\n<td><font size=\"-1\"><strong>0,75 Ltr.<\/strong><\/font><\/td>\n<p><\/tr>\n<tr ALIGN=\"LEFT\"><\/p>\n<td><font size=\"-1\">Preis\/Ltr.<\/font><\/td>\n<td><font size=\"-1\"><strong>10,80 EUR pro Ltr.<\/strong><\/font><\/td>\n<p><\/tr>\n<tr><\/p>\n<td><font size=\"-1\">Weinart:<\/font><\/td>\n<td><font size=\"-1\"><strong>Wei\u00dfwein<\/strong><\/font><\/td>\n<p><\/tr>\n<tr><\/p>\n<td><font size=\"-1\">Qualit&auml;tsstufe<\/font><\/td>\n<td><font size=\"-1\"><strong>Qualit\u00e4tswein<\/strong><\/font><\/td>\n<p><\/tr>\n<tr><\/p>\n<td><font size=\"-1\">Rebsorte<\/font><\/td>\n<td><font size=\"-1\"><strong>Sauvignon blanc<\/strong><\/font><\/td>\n<p><\/tr>\n<tr>  <\/p>\n<td><font size=\"-1\">Restzuckergehalt<\/font><\/td>\n<p>  <\/p>\n<td><font size=\"-1\"><strong>4 g\/Ltr.<\/strong><\/font><\/td>\n<p><\/tr>\n<p><\/p>\n<tr><\/p>\n<td><font size=\"-1\">Alkoholgehalt<\/font><\/td>\n<td><font size=\"-1\"><strong>13,5 Vol. %<\/strong><\/font><\/td>\n<p><\/tr>\n<p><\/p>\n<tr>\n<td><font size=\"-1\">Bio:<\/font><\/td>\n<td><font size=\"-1\"><strong>NEIN<\/strong><\/font><\/td>\n<\/tr>\n<p><\/p>\n<tr>\n<td><font size=\"-1\">vegan:<\/font><\/td>\n<td><font size=\"-1\"><strong>NEIN<\/strong><\/font><\/td>\n<\/tr>\n<p><\/p>\n<tr>\n<td><font size=\"-1\">Ursprungsland:<\/font><\/td>\n<td><font size=\"-1\"><strong><\/strong><\/font><\/td>\n<\/tr>\n<p><\/p>\n<tr>\n<td><font size=\"-1\">enth\u00e4lt Allergene:<\/font><\/td>\n<td><font size=\"-1\"><strong>Sulfite<\/strong><\/font><\/td>\n<\/tr>\n<p><\/table>\n","protected":false},"excerpt":{"rendered":"<p>2023er SAUVIGNON BLANC TROCKENAlzeyer Rotenfels Qualit\u00e4tswein 0,75l w\u00e4chst in&nbsp;einer unserer&nbsp;TOP- Lagen, sonnenverw\u00f6hntem Hang,&nbsp;auf leichtem Lehmboden.&#8211;&nbsp;&nbsp;Rotenfels &#8211;&nbsp;Alzey&nbsp;&#8211;Farbintensiv,&nbsp;Tockenes und kr\u00e4ftiges Aroma nach Gras, Stachelbeere, Ananas.Vollmundig, Komplex und sehr Nachhaltig.Idealer Begleiter zu Spargel, hellem Fleisch, Schinken, Gefl\u00fcgel, Fisch und K\u00e4se.&#8211; GLUT &#8211;MIT DABEI IM PROBEPAKET&nbsp; &#8211; FLAMME &#8211; Artikelnummer: 1651 Inhalt 0,75 Ltr. Preis\/Ltr. 10,80 EUR pro Ltr. [&hellip;]<\/p>\n","protected":false},"featured_media":47574,"comment_status":"open","ping_status":"closed","template":"","meta":[],"product_brand":[],"product_cat":[7035,7034],"product_tag":[],"class_list":{"0":"post-47589","1":"product","2":"type-product","3":"status-publish","4":"has-post-thumbnail","6":"product_cat-lagenweine-weiss","7":"product_cat-weissweine","9":"first","10":"instock","11":"taxable","12":"shipping-taxable","13":"purchasable","14":"product-type-simple"},"_links":{"self":[{"href":"https:\/\/www.lawall-stoehr.de\/shop\/index.php?rest_route=\/wp\/v2\/product\/47589"}],"collection":[{"href":"https:\/\/www.lawall-stoehr.de\/shop\/index.php?rest_route=\/wp\/v2\/product"}],"about":[{"href":"https:\/\/www.lawall-stoehr.de\/shop\/index.php?rest_route=\/wp\/v2\/types\/product"}],"replies":[{"embeddable":true,"href":"https:\/\/www.lawall-stoehr.de\/shop\/index.php?rest_route=%2Fwp%2Fv2%2Fcomments&post=47589"}],"wp:featuredmedia":[{"embeddable":true,"href":"https:\/\/www.lawall-stoehr.de\/shop\/index.php?rest_route=\/wp\/v2\/media\/47574"}],"wp:attachment":[{"href":"https:\/\/www.lawall-stoehr.de\/shop\/index.php?rest_route=%2Fwp%2Fv2%2Fmedia&parent=47589"}],"wp:term":[{"taxonomy":"product_brand","embeddable":true,"href":"https:\/\/www.lawall-stoehr.de\/shop\/index.php?rest_route=%2Fwp%2Fv2%2Fproduct_brand&post=47589"},{"taxonomy":"product_cat","embeddable":true,"href":"https:\/\/www.lawall-stoehr.de\/shop\/index.php?rest_route=%2Fwp%2Fv2%2Fproduct_cat&post=47589"},{"taxonomy":"product_tag","embeddable":true,"href":"https:\/\/www.lawall-stoehr.de\/shop\/index.php?rest_route=%2Fwp%2Fv2%2Fproduct_tag&post=47589"}],"curies":[{"name":"wp","href":"https:\/\/api.w.org\/{rel}","templated":true}]}}