{"id":47595,"date":"2025-11-26T10:55:59","date_gmt":"2025-11-26T08:55:59","guid":{"rendered":"https:\/\/www.lawall-stoehr.de\/shop\/?product=2022er-regent-trockenheimersheim-qualitaetswein-075l"},"modified":"2026-03-25T12:12:59","modified_gmt":"2026-03-25T10:12:59","slug":"2022er-regent-trockenheimersheim-qualitaetswein-075l","status":"publish","type":"product","link":"https:\/\/www.lawall-stoehr.de\/shop\/?product=2022er-regent-trockenheimersheim-qualitaetswein-075l","title":{"rendered":"<br>2022er REGENT  TROCKEN<br>Heimersheim  Qualit\u00e4tswein   0,75l<br>"},"content":{"rendered":"<div align=\"left\"><font size=\"1\">2022er REGENT  TROCKEN<br \/>Heimersheim  Qualit\u00e4tswein   0,75l<\/p>\n<p>        <font color=\"#666666\"><!-- IBGHTML --><\/p>\n<p align=\"center\"><!-- IBGHTML --><strong><font color=\"#970000\">w\u00e4chst in einer&nbsp; unser Orts-Lagen auf sonnenverw\u00f6hntem Hang und Ton-Kalkboden.<br \/><\/font><\/strong><font color=\"#970000\" face=\"Frutiger 47 Light Condensed\"><strong>&#8211;&nbsp;Heimersheim-&nbsp;Sonnenberg -.<br \/><\/strong><font color=\"#000000\">Farbkr\u00e4ftig, Taninbetont, trockener Wein mit Fruchtaromen von Sauerkirsche, Brombeere, schwarze Johannisbeere.<br \/>Vollmundig, Komplex und sehr Nachhaltig mit&nbsp;feiner S\u00e4ure.<br \/>Passt perfekt zu Wild, Pasteten, Rind, Pizza und Pasta genauso wie zu Desserts und herber Schokolade.<br \/><\/font><strong><font color=\"#727272\">BELEBUNG DER SINNE &#8211; P U R &#8211;<\/font><\/strong><\/font><\/p>\n<p><\/font><\/p>\n<p><\/font><\/div>\n<table WIDTH=\"60%\" BORDER=\"0\" align=\"left\" CELLPADDING=\"0\" CELLSPACING=\"0\"><\/p>\n<tr><\/p>\n<td width=\"53%\"><font size=\"-1\">Artikelnummer:<\/font><\/td>\n<td width=\"47%\"><font size=\"-1\"><strong>2235<\/strong><\/font><\/td>\n<p><\/tr>\n<tr><\/p>\n<td><font size=\"-1\">Inhalt<\/font><\/td>\n<td><font size=\"-1\"><strong>0,75 Ltr.<\/strong><\/font><\/td>\n<p><\/tr>\n<tr ALIGN=\"LEFT\"><\/p>\n<td><font size=\"-1\">Preis\/Ltr.<\/font><\/td>\n<td><font size=\"-1\"><strong>10,53 EUR pro Ltr.<\/strong><\/font><\/td>\n<p><\/tr>\n<tr><\/p>\n<td><font size=\"-1\">Weinart:<\/font><\/td>\n<td><font size=\"-1\"><strong>Rotwein<\/strong><\/font><\/td>\n<p><\/tr>\n<tr><\/p>\n<td><font size=\"-1\">Qualit&auml;tsstufe<\/font><\/td>\n<td><font size=\"-1\"><strong>Qualit\u00e4tswein<\/strong><\/font><\/td>\n<p><\/tr>\n<tr><\/p>\n<td><font size=\"-1\">Rebsorte<\/font><\/td>\n<td><font size=\"-1\"><strong>Regent<\/strong><\/font><\/td>\n<p><\/tr>\n<tr>  <\/p>\n<td><font size=\"-1\">Restzuckergehalt<\/font><\/td>\n<p>  <\/p>\n<td><font size=\"-1\"><strong>0,8 g\/Ltr.<\/strong><\/font><\/td>\n<p><\/tr>\n<p><\/p>\n<tr><\/p>\n<td><font size=\"-1\">Alkoholgehalt<\/font><\/td>\n<td><font size=\"-1\"><strong>11,0 Vol. %<\/strong><\/font><\/td>\n<p><\/tr>\n<p><\/p>\n<tr>\n<td><font size=\"-1\">Bio:<\/font><\/td>\n<td><font size=\"-1\"><strong>NEIN<\/strong><\/font><\/td>\n<\/tr>\n<p><\/p>\n<tr>\n<td><font size=\"-1\">vegan:<\/font><\/td>\n<td><font size=\"-1\"><strong>NEIN<\/strong><\/font><\/td>\n<\/tr>\n<p><\/p>\n<tr>\n<td><font size=\"-1\">Ursprungsland:<\/font><\/td>\n<td><font size=\"-1\"><strong><\/strong><\/font><\/td>\n<\/tr>\n<p><\/p>\n<tr>\n<td><font size=\"-1\">enth\u00e4lt Allergene:<\/font><\/td>\n<td><font size=\"-1\"><strong>Sulfite<\/strong><\/font><\/td>\n<\/tr>\n<p><\/table>\n","protected":false},"excerpt":{"rendered":"<p>2022er REGENT TROCKENHeimersheim Qualit\u00e4tswein 0,75l w\u00e4chst in einer&nbsp; unser Orts-Lagen auf sonnenverw\u00f6hntem Hang und Ton-Kalkboden.&#8211;&nbsp;Heimersheim-&nbsp;Sonnenberg -.Farbkr\u00e4ftig, Taninbetont, trockener Wein mit Fruchtaromen von Sauerkirsche, Brombeere, schwarze Johannisbeere.Vollmundig, Komplex und sehr Nachhaltig mit&nbsp;feiner S\u00e4ure.Passt perfekt zu Wild, Pasteten, Rind, Pizza und Pasta genauso wie zu Desserts und herber Schokolade.BELEBUNG DER SINNE &#8211; P U R &#8211; Artikelnummer: [&hellip;]<\/p>\n","protected":false},"featured_media":47572,"comment_status":"open","ping_status":"closed","template":"","meta":[],"product_brand":[],"product_cat":[7036,7032],"product_tag":[],"class_list":{"0":"post-47595","1":"product","2":"type-product","3":"status-publish","4":"has-post-thumbnail","6":"product_cat-ortsweine-rot","7":"product_cat-rotweine","9":"first","10":"instock","11":"featured","12":"taxable","13":"shipping-taxable","14":"purchasable","15":"product-type-simple"},"_links":{"self":[{"href":"https:\/\/www.lawall-stoehr.de\/shop\/index.php?rest_route=\/wp\/v2\/product\/47595"}],"collection":[{"href":"https:\/\/www.lawall-stoehr.de\/shop\/index.php?rest_route=\/wp\/v2\/product"}],"about":[{"href":"https:\/\/www.lawall-stoehr.de\/shop\/index.php?rest_route=\/wp\/v2\/types\/product"}],"replies":[{"embeddable":true,"href":"https:\/\/www.lawall-stoehr.de\/shop\/index.php?rest_route=%2Fwp%2Fv2%2Fcomments&post=47595"}],"wp:featuredmedia":[{"embeddable":true,"href":"https:\/\/www.lawall-stoehr.de\/shop\/index.php?rest_route=\/wp\/v2\/media\/47572"}],"wp:attachment":[{"href":"https:\/\/www.lawall-stoehr.de\/shop\/index.php?rest_route=%2Fwp%2Fv2%2Fmedia&parent=47595"}],"wp:term":[{"taxonomy":"product_brand","embeddable":true,"href":"https:\/\/www.lawall-stoehr.de\/shop\/index.php?rest_route=%2Fwp%2Fv2%2Fproduct_brand&post=47595"},{"taxonomy":"product_cat","embeddable":true,"href":"https:\/\/www.lawall-stoehr.de\/shop\/index.php?rest_route=%2Fwp%2Fv2%2Fproduct_cat&post=47595"},{"taxonomy":"product_tag","embeddable":true,"href":"https:\/\/www.lawall-stoehr.de\/shop\/index.php?rest_route=%2Fwp%2Fv2%2Fproduct_tag&post=47595"}],"curies":[{"name":"wp","href":"https:\/\/api.w.org\/{rel}","templated":true}]}}