{"id":47599,"date":"2025-11-26T10:56:05","date_gmt":"2025-11-26T08:56:05","guid":{"rendered":"https:\/\/www.lawall-stoehr.de\/shop\/?product=2024er-weissburgunder-feinherbweinheimer-qualitaetswein-075l"},"modified":"2026-03-25T12:13:04","modified_gmt":"2026-03-25T10:13:04","slug":"2024er-weissburgunder-feinherbweinheimer-qualitaetswein-075l","status":"publish","type":"product","link":"https:\/\/www.lawall-stoehr.de\/shop\/?product=2024er-weissburgunder-feinherbweinheimer-qualitaetswein-075l","title":{"rendered":"<br>2024er WEISSBURGUNDER  FEINHERB<br>Weinheimer  Qualit\u00e4tswein      0,75l<br>"},"content":{"rendered":"<div align=\"left\"><font size=\"1\">2024er WEISSBURGUNDER  FEINHERB<br \/>Weinheimer  Qualit\u00e4tswein      0,75l<\/p>\n<p>        <font color=\"#666666\"><!-- IBGHTML --><\/p>\n<p align=\"center\"><!-- IBGHTML --><strong>w\u00e4chst in einer unserer guten Orts-Lagen auf Muschel-Kalk &#8211; leichtem rotem Ton.<br \/><\/strong><font><strong>&#8211; Weinheim &#8211; H\u00f6lle -.<\/strong><strong><\/strong><\/font><strong><br \/><\/strong><strong><\/strong><font color=\"#000000\">Helle Farbe, feinherber Wein mit aromatischem Bukett nach Aprikose, Honigmelone.<br \/>Leichter Wein, Komplex und wenig S\u00e4ure.<br \/>Idealer Begleiter zu hellem Fleisch, Gefl\u00fcgel, Fisch oder Meeresfr\u00fcchten genauso wie zu SPARGEL, GEM\u00dcSE oder SALATE.<br \/><strong><font color=\"#727272\">Perfekt zum SOLOTRINKEN und f\u00fcr Liebhaber trockener Weine ebenso geeignet.<\/font><\/strong><\/font><\/p>\n<p><\/font><\/p>\n<p><\/font><\/div>\n<table WIDTH=\"60%\" BORDER=\"0\" align=\"left\" CELLPADDING=\"0\" CELLSPACING=\"0\"><\/p>\n<tr><\/p>\n<td width=\"53%\"><font size=\"-1\">Artikelnummer:<\/font><\/td>\n<td width=\"47%\"><font size=\"-1\"><strong>2652*1<\/strong><\/font><\/td>\n<p><\/tr>\n<tr><\/p>\n<td><font size=\"-1\">Inhalt<\/font><\/td>\n<td><font size=\"-1\"><strong>0,75 Ltr.<\/strong><\/font><\/td>\n<p><\/tr>\n<tr ALIGN=\"LEFT\"><\/p>\n<td><font size=\"-1\">Preis\/Ltr.<\/font><\/td>\n<td><font size=\"-1\"><strong>10,53 EUR pro Ltr.<\/strong><\/font><\/td>\n<p><\/tr>\n<tr><\/p>\n<td><font size=\"-1\">Weinart:<\/font><\/td>\n<td><font size=\"-1\"><strong>Wei\u00dfwein<\/strong><\/font><\/td>\n<p><\/tr>\n<tr><\/p>\n<td><font size=\"-1\">Qualit&auml;tsstufe<\/font><\/td>\n<td><font size=\"-1\"><strong>Qualit\u00e4tswein<\/strong><\/font><\/td>\n<p><\/tr>\n<tr><\/p>\n<td><font size=\"-1\">Rebsorte<\/font><\/td>\n<td><font size=\"-1\"><strong>Weissburgunder<\/strong><\/font><\/td>\n<p><\/tr>\n<tr>  <\/p>\n<td><font size=\"-1\">Restzuckergehalt<\/font><\/td>\n<p>  <\/p>\n<td><font size=\"-1\"><strong>14,9 g\/Ltr.<\/strong><\/font><\/td>\n<p><\/tr>\n<p><\/p>\n<tr><\/p>\n<td><font size=\"-1\">Alkoholgehalt<\/font><\/td>\n<td><font size=\"-1\"><strong>11,0 Vol. %<\/strong><\/font><\/td>\n<p><\/tr>\n<p><\/p>\n<tr>\n<td><font size=\"-1\">Bio:<\/font><\/td>\n<td><font size=\"-1\"><strong>NEIN<\/strong><\/font><\/td>\n<\/tr>\n<p><\/p>\n<tr>\n<td><font size=\"-1\">vegan:<\/font><\/td>\n<td><font size=\"-1\"><strong>NEIN<\/strong><\/font><\/td>\n<\/tr>\n<p><\/p>\n<tr>\n<td><font size=\"-1\">Ursprungsland:<\/font><\/td>\n<td><font size=\"-1\"><strong><\/strong><\/font><\/td>\n<\/tr>\n<p><\/p>\n<tr>\n<td><font size=\"-1\">enth\u00e4lt Allergene:<\/font><\/td>\n<td><font size=\"-1\"><strong>Sulfite<\/strong><\/font><\/td>\n<\/tr>\n<p><\/table>\n","protected":false},"excerpt":{"rendered":"<p>2024er WEISSBURGUNDER FEINHERBWeinheimer Qualit\u00e4tswein 0,75l w\u00e4chst in einer unserer guten Orts-Lagen auf Muschel-Kalk &#8211; leichtem rotem Ton.&#8211; Weinheim &#8211; H\u00f6lle -.Helle Farbe, feinherber Wein mit aromatischem Bukett nach Aprikose, Honigmelone.Leichter Wein, Komplex und wenig S\u00e4ure.Idealer Begleiter zu hellem Fleisch, Gefl\u00fcgel, Fisch oder Meeresfr\u00fcchten genauso wie zu SPARGEL, GEM\u00dcSE oder SALATE.Perfekt zum SOLOTRINKEN und f\u00fcr Liebhaber [&hellip;]<\/p>\n","protected":false},"featured_media":47600,"comment_status":"open","ping_status":"closed","template":"","meta":[],"product_brand":[],"product_cat":[7037,7034],"product_tag":[],"class_list":{"0":"post-47599","1":"product","2":"type-product","3":"status-publish","4":"has-post-thumbnail","6":"product_cat-ortsweine-weiss","7":"product_cat-weissweine","9":"first","10":"instock","11":"taxable","12":"shipping-taxable","13":"purchasable","14":"product-type-simple"},"_links":{"self":[{"href":"https:\/\/www.lawall-stoehr.de\/shop\/index.php?rest_route=\/wp\/v2\/product\/47599"}],"collection":[{"href":"https:\/\/www.lawall-stoehr.de\/shop\/index.php?rest_route=\/wp\/v2\/product"}],"about":[{"href":"https:\/\/www.lawall-stoehr.de\/shop\/index.php?rest_route=\/wp\/v2\/types\/product"}],"replies":[{"embeddable":true,"href":"https:\/\/www.lawall-stoehr.de\/shop\/index.php?rest_route=%2Fwp%2Fv2%2Fcomments&post=47599"}],"wp:featuredmedia":[{"embeddable":true,"href":"https:\/\/www.lawall-stoehr.de\/shop\/index.php?rest_route=\/wp\/v2\/media\/47600"}],"wp:attachment":[{"href":"https:\/\/www.lawall-stoehr.de\/shop\/index.php?rest_route=%2Fwp%2Fv2%2Fmedia&parent=47599"}],"wp:term":[{"taxonomy":"product_brand","embeddable":true,"href":"https:\/\/www.lawall-stoehr.de\/shop\/index.php?rest_route=%2Fwp%2Fv2%2Fproduct_brand&post=47599"},{"taxonomy":"product_cat","embeddable":true,"href":"https:\/\/www.lawall-stoehr.de\/shop\/index.php?rest_route=%2Fwp%2Fv2%2Fproduct_cat&post=47599"},{"taxonomy":"product_tag","embeddable":true,"href":"https:\/\/www.lawall-stoehr.de\/shop\/index.php?rest_route=%2Fwp%2Fv2%2Fproduct_tag&post=47599"}],"curies":[{"name":"wp","href":"https:\/\/api.w.org\/{rel}","templated":true}]}}