{"id":47601,"date":"2025-11-26T10:56:07","date_gmt":"2025-11-26T08:56:07","guid":{"rendered":"https:\/\/www.lawall-stoehr.de\/shop\/?product=2022er-siegerrebe-feinherbheimersheim-qualitaetswein-075l"},"modified":"2026-04-29T14:04:14","modified_gmt":"2026-04-29T12:04:14","slug":"2022er-siegerrebe-feinherbheimersheim-qualitaetswein-075l","status":"publish","type":"product","link":"https:\/\/www.lawall-stoehr.de\/shop\/?product=2022er-siegerrebe-feinherbheimersheim-qualitaetswein-075l","title":{"rendered":"<br>2022er SIEGERREBE  FEINHERB<br>Heimersheim   Qualit\u00e4tswein  0,75l<br>"},"content":{"rendered":"<div align=\"left\"><font size=\"1\">2022er SIEGERREBE  FEINHERB<br \/>Heimersheim   Qualit\u00e4tswein  0,75l<\/p>\n<p>        <font color=\"#666666\"><!-- IBGHTML --><\/p>\n<p align=\"center\"><!-- IBGHTML --><strong><font color=\"#970000\">w\u00e4chst in einer unserer besten Orts-Lagen auf schwerem Lehm-Kalkboden.<br \/>&#8211; Heimersheim&nbsp;&#8211;&nbsp; Sonnenberg &#8211; .<\/font><\/strong><br \/>Ist eine Kreuzung Madeleine Angevine X Gew\u00fcrztraminer. Ein Kind Georg Scheu&#8217;s &#8211; Alzey.<br \/><font color=\"#6c0000\"><strong>N I C H T&nbsp; N U R&nbsp; F \u00dc R &nbsp;S I E G E R T Y P E N.<\/strong><\/font><br \/>Farbkr\u00e4ftiger, feinherber Wein mit einem sehr aromatischen Bukett nach Muskat, reifer Ananas und Mango.<br \/>Vollmundig, Komplex und sehr Nachhaltig im Geschmack.<br \/>Passt perfekt zum SOLO-Geniessen &#8211; EISGEK\u00dcHLT genauso wie zu Spargel, Gem\u00fcselasagne, Nudeln mit Pesto oder als Kr\u00f6nung mit herber Schokolade.<br \/><strong><font color=\"#970000\">SIEGER K\u00dcSST SCHOKOLADE<br \/><\/font><font color=\"#727272\">&#8211; FLAMME &#8211;<br \/><\/font><font color=\"#000000\">MIT DABEI IM PROBEPAKET&nbsp; &#8211; FLAMME &#8211;<\/font><\/strong><\/p>\n<p><\/font><\/p>\n<p><\/font><\/div>\n<table WIDTH=\"60%\" BORDER=\"0\" align=\"left\" CELLPADDING=\"0\" CELLSPACING=\"0\"><\/p>\n<tr><\/p>\n<td width=\"53%\"><font size=\"-1\">Artikelnummer:<\/font><\/td>\n<td width=\"47%\"><font size=\"-1\"><strong>2653<\/strong><\/font><\/td>\n<p><\/tr>\n<tr><\/p>\n<td><font size=\"-1\">Inhalt<\/font><\/td>\n<td><font size=\"-1\"><strong>0,75 Ltr.<\/strong><\/font><\/td>\n<p><\/tr>\n<tr ALIGN=\"LEFT\"><\/p>\n<td><font size=\"-1\">Preis\/Ltr.<\/font><\/td>\n<td><font size=\"-1\"><strong>10,53 EUR pro Ltr.<\/strong><\/font><\/td>\n<p><\/tr>\n<tr><\/p>\n<td><font size=\"-1\">Weinart:<\/font><\/td>\n<td><font size=\"-1\"><strong>Wei\u00dfwein<\/strong><\/font><\/td>\n<p><\/tr>\n<tr><\/p>\n<td><font size=\"-1\">Qualit&auml;tsstufe<\/font><\/td>\n<td><font size=\"-1\"><strong>Qualit\u00e4tswein<\/strong><\/font><\/td>\n<p><\/tr>\n<tr><\/p>\n<td><font size=\"-1\">Rebsorte<\/font><\/td>\n<td><font size=\"-1\"><strong>Siegerrebe<\/strong><\/font><\/td>\n<p><\/tr>\n<tr>  <\/p>\n<td><font size=\"-1\">Restzuckergehalt<\/font><\/td>\n<p>  <\/p>\n<td><font size=\"-1\"><strong>14,7 g\/Ltr.<\/strong><\/font><\/td>\n<p><\/tr>\n<p><\/p>\n<tr><\/p>\n<td><font size=\"-1\">Alkoholgehalt<\/font><\/td>\n<td><font size=\"-1\"><strong>11,5 Vol. %<\/strong><\/font><\/td>\n<p><\/tr>\n<p><\/p>\n<tr>\n<td><font size=\"-1\">Bio:<\/font><\/td>\n<td><font size=\"-1\"><strong>NEIN<\/strong><\/font><\/td>\n<\/tr>\n<p><\/p>\n<tr>\n<td><font size=\"-1\">vegan:<\/font><\/td>\n<td><font size=\"-1\"><strong>NEIN<\/strong><\/font><\/td>\n<\/tr>\n<p><\/p>\n<tr>\n<td><font size=\"-1\">Ursprungsland:<\/font><\/td>\n<td><font size=\"-1\"><strong><\/strong><\/font><\/td>\n<\/tr>\n<p><\/p>\n<tr>\n<td><font size=\"-1\">enth\u00e4lt Allergene:<\/font><\/td>\n<td><font size=\"-1\"><strong>Sulfite<\/strong><\/font><\/td>\n<\/tr>\n<p><\/table>\n","protected":false},"excerpt":{"rendered":"<p>2022er SIEGERREBE FEINHERBHeimersheim Qualit\u00e4tswein 0,75l w\u00e4chst in einer unserer besten Orts-Lagen auf schwerem Lehm-Kalkboden.&#8211; Heimersheim&nbsp;&#8211;&nbsp; Sonnenberg &#8211; .Ist eine Kreuzung Madeleine Angevine X Gew\u00fcrztraminer. Ein Kind Georg Scheu&#8217;s &#8211; Alzey.N I C H T&nbsp; N U R&nbsp; F \u00dc R &nbsp;S I E G E R T Y P E N.Farbkr\u00e4ftiger, feinherber Wein mit einem [&hellip;]<\/p>\n","protected":false},"featured_media":47602,"comment_status":"open","ping_status":"closed","template":"","meta":[],"product_brand":[],"product_cat":[7037,7034],"product_tag":[],"class_list":{"0":"post-47601","1":"product","2":"type-product","3":"status-publish","4":"has-post-thumbnail","6":"product_cat-ortsweine-weiss","7":"product_cat-weissweine","9":"first","10":"instock","11":"featured","12":"taxable","13":"shipping-taxable","14":"purchasable","15":"product-type-simple"},"_links":{"self":[{"href":"https:\/\/www.lawall-stoehr.de\/shop\/index.php?rest_route=\/wp\/v2\/product\/47601"}],"collection":[{"href":"https:\/\/www.lawall-stoehr.de\/shop\/index.php?rest_route=\/wp\/v2\/product"}],"about":[{"href":"https:\/\/www.lawall-stoehr.de\/shop\/index.php?rest_route=\/wp\/v2\/types\/product"}],"replies":[{"embeddable":true,"href":"https:\/\/www.lawall-stoehr.de\/shop\/index.php?rest_route=%2Fwp%2Fv2%2Fcomments&post=47601"}],"wp:featuredmedia":[{"embeddable":true,"href":"https:\/\/www.lawall-stoehr.de\/shop\/index.php?rest_route=\/wp\/v2\/media\/47602"}],"wp:attachment":[{"href":"https:\/\/www.lawall-stoehr.de\/shop\/index.php?rest_route=%2Fwp%2Fv2%2Fmedia&parent=47601"}],"wp:term":[{"taxonomy":"product_brand","embeddable":true,"href":"https:\/\/www.lawall-stoehr.de\/shop\/index.php?rest_route=%2Fwp%2Fv2%2Fproduct_brand&post=47601"},{"taxonomy":"product_cat","embeddable":true,"href":"https:\/\/www.lawall-stoehr.de\/shop\/index.php?rest_route=%2Fwp%2Fv2%2Fproduct_cat&post=47601"},{"taxonomy":"product_tag","embeddable":true,"href":"https:\/\/www.lawall-stoehr.de\/shop\/index.php?rest_route=%2Fwp%2Fv2%2Fproduct_tag&post=47601"}],"curies":[{"name":"wp","href":"https:\/\/api.w.org\/{rel}","templated":true}]}}