{"id":47605,"date":"2025-11-26T10:56:11","date_gmt":"2025-11-26T08:56:11","guid":{"rendered":"https:\/\/www.lawall-stoehr.de\/shop\/?product=2024er-dornfelder-trocken-10-lrheinhessen-qualitaetswein"},"modified":"2026-03-25T12:13:10","modified_gmt":"2026-03-25T10:13:10","slug":"2024er-dornfelder-trocken-10-lrheinhessen-qualitaetswein","status":"publish","type":"product","link":"https:\/\/www.lawall-stoehr.de\/shop\/?product=2024er-dornfelder-trocken-10-lrheinhessen-qualitaetswein","title":{"rendered":"<br>2024er DORNFELDER  TROCKEN 1,0 L<br>RHEINHESSEN Qualit\u00e4tswein<br>"},"content":{"rendered":"<div align=\"left\"><font size=\"1\">2024er DORNFELDER  TROCKEN 1,0 L<br \/>RHEINHESSEN Qualit\u00e4tswein<\/p>\n<p>        <font color=\"#666666\"><!-- IBGHTML --><!-- IBGHTML --><\/p>\n<p align=\"center\"><font color=\"#800000\"><strong>&nbsp;&#8211; <\/strong><\/font><strong><font color=\"#000000\">Einsteigerwein &#8211; F\u00fcr jeden Tag &#8211;<br \/><\/font><\/strong><font color=\"#000000\"><\/font><font color=\"#000000\" face=\"Frutiger 47 Light Condensed\"><strong>w\u00e4chst auf&nbsp;schwerem Lehmboden.<br \/><\/strong><\/font><font color=\"#000000\" face=\"Frutiger 47 Light Condensed\"><strong>&#8211;&nbsp;Rotenfels &#8211;&nbsp;Heimersheim -.<br \/><\/strong><\/font><font face=\"Frutiger 47 Light Condensed\"><font color=\"#000000\">Ein Schoppenwein f\u00fcr alle Tage.<br \/>Helle Farbe, Milder Wein mit aromatischem Bukett nach Gras, Apfel, Johannisbeere.<br \/>Leichter Wein, Komplex mit wenig S\u00e4ure.<br \/>Passt zur herzhaften Alltagsk\u00fcche genauso wie zu Schweinebraten oder Pasta mit Sahnesauce.<br \/><strong>Idealer Tischwein, f\u00fcr die Party genauso geeignet wie zum Solotrinken alleine<font color=\"#616161\"><\/font><\/strong><\/font><font color=\"#616161\"><\/font><\/font><\/p>\n<p><\/font><\/p>\n<p><\/font><\/div>\n<table WIDTH=\"60%\" BORDER=\"0\" align=\"left\" CELLPADDING=\"0\" CELLSPACING=\"0\"><\/p>\n<tr><\/p>\n<td width=\"53%\"><font size=\"-1\">Artikelnummer:<\/font><\/td>\n<td width=\"47%\"><font size=\"-1\"><strong>3238<\/strong><\/font><\/td>\n<p><\/tr>\n<tr><\/p>\n<td><font size=\"-1\">Inhalt<\/font><\/td>\n<td><font size=\"-1\"><strong>1,0 Ltr.<\/strong><\/font><\/td>\n<p><\/tr>\n<tr ALIGN=\"LEFT\"><\/p>\n<td><font size=\"-1\">Preis\/Ltr.<\/font><\/td>\n<td><font size=\"-1\"><strong>7,70 EUR pro Ltr.<\/strong><\/font><\/td>\n<p><\/tr>\n<tr><\/p>\n<td><font size=\"-1\">Weinart:<\/font><\/td>\n<td><font size=\"-1\"><strong>Rotwein<\/strong><\/font><\/td>\n<p><\/tr>\n<tr><\/p>\n<td><font size=\"-1\">Qualit&auml;tsstufe<\/font><\/td>\n<td><font size=\"-1\"><strong>Qualit\u00e4tswein<\/strong><\/font><\/td>\n<p><\/tr>\n<tr><\/p>\n<td><font size=\"-1\">Rebsorte<\/font><\/td>\n<td><font size=\"-1\"><strong>Dornfelder<\/strong><\/font><\/td>\n<p><\/tr>\n<tr>  <\/p>\n<td><font size=\"-1\">Restzuckergehalt<\/font><\/td>\n<p>  <\/p>\n<td><font size=\"-1\"><strong>0,9 g\/Ltr.<\/strong><\/font><\/td>\n<p><\/tr>\n<p><\/p>\n<tr><\/p>\n<td><font size=\"-1\">Alkoholgehalt<\/font><\/td>\n<td><font size=\"-1\"><strong>12,0 Vol. %<\/strong><\/font><\/td>\n<p><\/tr>\n<p><\/p>\n<tr>\n<td><font size=\"-1\">Bio:<\/font><\/td>\n<td><font size=\"-1\"><strong>NEIN<\/strong><\/font><\/td>\n<\/tr>\n<p><\/p>\n<tr>\n<td><font size=\"-1\">vegan:<\/font><\/td>\n<td><font size=\"-1\"><strong>NEIN<\/strong><\/font><\/td>\n<\/tr>\n<p><\/p>\n<tr>\n<td><font size=\"-1\">Ursprungsland:<\/font><\/td>\n<td><font size=\"-1\"><strong><\/strong><\/font><\/td>\n<\/tr>\n<p><\/p>\n<tr>\n<td><font size=\"-1\">enth\u00e4lt Allergene:<\/font><\/td>\n<td><font size=\"-1\"><strong>Sulfite<\/strong><\/font><\/td>\n<\/tr>\n<p><\/table>\n","protected":false},"excerpt":{"rendered":"<p>2024er DORNFELDER TROCKEN 1,0 LRHEINHESSEN Qualit\u00e4tswein &nbsp;&#8211; Einsteigerwein &#8211; F\u00fcr jeden Tag &#8211;w\u00e4chst auf&nbsp;schwerem Lehmboden.&#8211;&nbsp;Rotenfels &#8211;&nbsp;Heimersheim -.Ein Schoppenwein f\u00fcr alle Tage.Helle Farbe, Milder Wein mit aromatischem Bukett nach Gras, Apfel, Johannisbeere.Leichter Wein, Komplex mit wenig S\u00e4ure.Passt zur herzhaften Alltagsk\u00fcche genauso wie zu Schweinebraten oder Pasta mit Sahnesauce.Idealer Tischwein, f\u00fcr die Party genauso geeignet wie zum [&hellip;]<\/p>\n","protected":false},"featured_media":47543,"comment_status":"open","ping_status":"closed","template":"","meta":[],"product_brand":[],"product_cat":[7038,7032],"product_tag":[],"class_list":{"0":"post-47605","1":"product","2":"type-product","3":"status-publish","4":"has-post-thumbnail","6":"product_cat-gutsweine-rot","7":"product_cat-rotweine","9":"first","10":"instock","11":"taxable","12":"shipping-taxable","13":"purchasable","14":"product-type-simple"},"_links":{"self":[{"href":"https:\/\/www.lawall-stoehr.de\/shop\/index.php?rest_route=\/wp\/v2\/product\/47605"}],"collection":[{"href":"https:\/\/www.lawall-stoehr.de\/shop\/index.php?rest_route=\/wp\/v2\/product"}],"about":[{"href":"https:\/\/www.lawall-stoehr.de\/shop\/index.php?rest_route=\/wp\/v2\/types\/product"}],"replies":[{"embeddable":true,"href":"https:\/\/www.lawall-stoehr.de\/shop\/index.php?rest_route=%2Fwp%2Fv2%2Fcomments&post=47605"}],"wp:featuredmedia":[{"embeddable":true,"href":"https:\/\/www.lawall-stoehr.de\/shop\/index.php?rest_route=\/wp\/v2\/media\/47543"}],"wp:attachment":[{"href":"https:\/\/www.lawall-stoehr.de\/shop\/index.php?rest_route=%2Fwp%2Fv2%2Fmedia&parent=47605"}],"wp:term":[{"taxonomy":"product_brand","embeddable":true,"href":"https:\/\/www.lawall-stoehr.de\/shop\/index.php?rest_route=%2Fwp%2Fv2%2Fproduct_brand&post=47605"},{"taxonomy":"product_cat","embeddable":true,"href":"https:\/\/www.lawall-stoehr.de\/shop\/index.php?rest_route=%2Fwp%2Fv2%2Fproduct_cat&post=47605"},{"taxonomy":"product_tag","embeddable":true,"href":"https:\/\/www.lawall-stoehr.de\/shop\/index.php?rest_route=%2Fwp%2Fv2%2Fproduct_tag&post=47605"}],"curies":[{"name":"wp","href":"https:\/\/api.w.org\/{rel}","templated":true}]}}