{"id":47606,"date":"2025-11-26T10:56:13","date_gmt":"2025-11-26T08:56:13","guid":{"rendered":"https:\/\/www.lawall-stoehr.de\/shop\/?product=2024er-rose-rheinhessen-qualitaetswein-mild-10l"},"modified":"2026-03-25T12:13:12","modified_gmt":"2026-03-25T10:13:12","slug":"2024er-rose-rheinhessen-qualitaetswein-mild-10l","status":"publish","type":"product","link":"https:\/\/www.lawall-stoehr.de\/shop\/?product=2024er-rose-rheinhessen-qualitaetswein-mild-10l","title":{"rendered":"<br>2024er ROS\u00c9  Rheinhessen  Qualit\u00e4tswein  mild 1,0l<br>"},"content":{"rendered":"<div align=\"left\"><font size=\"1\">2024er ROS\u00c9  Rheinhessen  Qualit\u00e4tswein  mild 1,0l<\/p>\n<p>        <font color=\"#666666\"><!-- IBGHTML --><\/p>\n<p align=\"center\"><!-- IBGHTML --><strong>Einsteigerwein &#8211; F\u00fcr jeden Tag &#8211;<br \/><\/strong><font color=\"#000000\" face=\"Frutiger 47 Light Condensed\"><strong>w\u00e4chst auf rotem Lehm- Kalkboden.<br \/><\/strong><\/font><strong><font color=\"#000000\" face=\"Frutiger 47 Light Condensed\">&#8211;&nbsp;H\u00f6lle &#8211;&nbsp;Weinheim -.<br \/><\/font><\/strong><font color=\"#000000\" face=\"Frutiger 47 Light Condensed\">EIN ABSOLUTES MUSS &#8211; f\u00fcr Ihren Keller.<br \/>Ros\u00e9 Farbe, Milder Wein mit Aromatischem Bukett nach Erdbeere, Himbeere, Gras.<br \/>Weiss gekeltert, Leichter Wein, Komplex.<br \/><\/font><font face=\"Frutiger 47 Light Condensed\"><font color=\"#000000\"><strong>Idealer Terassenwein im Sommer gut gek\u00fchlt -Solo- genauso wie im Winter.<br \/>Ein Wein f\u00fcr alle F\u00e4lle.<\/strong><br \/>Pa\u00dft zu Gegrilltem, Spargel, Gem\u00fcse, Pasta und Gefl\u00fcgel.<br \/><strong>&#8211; GENUSS &#8211;<\/strong> <br \/><strong><font color=\"#000000\">MIT DABEI IM PROBEPAKET&nbsp; &#8211; LIEBE &#8211;<\/font><\/strong><\/font><\/font><\/p>\n<p><\/font><\/p>\n<p><\/font><\/div>\n<table WIDTH=\"60%\" BORDER=\"0\" align=\"left\" CELLPADDING=\"0\" CELLSPACING=\"0\"><\/p>\n<tr><\/p>\n<td width=\"53%\"><font size=\"-1\">Artikelnummer:<\/font><\/td>\n<td width=\"47%\"><font size=\"-1\"><strong>3477*3<\/strong><\/font><\/td>\n<p><\/tr>\n<tr><\/p>\n<td><font size=\"-1\">Inhalt<\/font><\/td>\n<td><font size=\"-1\"><strong>1,0 Ltr.<\/strong><\/font><\/td>\n<p><\/tr>\n<tr ALIGN=\"LEFT\"><\/p>\n<td><font size=\"-1\">Preis\/Ltr.<\/font><\/td>\n<td><font size=\"-1\"><strong>7,90 EUR pro Ltr.<\/strong><\/font><\/td>\n<p><\/tr>\n<tr><\/p>\n<td><font size=\"-1\">Weinart:<\/font><\/td>\n<td><font size=\"-1\"><strong>Roseewein<\/strong><\/font><\/td>\n<p><\/tr>\n<tr><\/p>\n<td><font size=\"-1\">Qualit&auml;tsstufe<\/font><\/td>\n<td><font size=\"-1\"><strong>Qualit\u00e4tswein<\/strong><\/font><\/td>\n<p><\/tr>\n<tr><\/p>\n<td><font size=\"-1\">Rebsorte<\/font><\/td>\n<td><font size=\"-1\"><strong>Portugieser<\/strong><\/font><\/td>\n<p><\/tr>\n<tr>  <\/p>\n<td><font size=\"-1\">Restzuckergehalt<\/font><\/td>\n<p>  <\/p>\n<td><font size=\"-1\"><strong>26,7 g\/Ltr.<\/strong><\/font><\/td>\n<p><\/tr>\n<p><\/p>\n<tr><\/p>\n<td><font size=\"-1\">Alkoholgehalt<\/font><\/td>\n<td><font size=\"-1\"><strong>10,5 Vol. %<\/strong><\/font><\/td>\n<p><\/tr>\n<p><\/p>\n<tr>\n<td><font size=\"-1\">Bio:<\/font><\/td>\n<td><font size=\"-1\"><strong>NEIN<\/strong><\/font><\/td>\n<\/tr>\n<p><\/p>\n<tr>\n<td><font size=\"-1\">vegan:<\/font><\/td>\n<td><font size=\"-1\"><strong>NEIN<\/strong><\/font><\/td>\n<\/tr>\n<p><\/p>\n<tr>\n<td><font size=\"-1\">Ursprungsland:<\/font><\/td>\n<td><font size=\"-1\"><strong><\/strong><\/font><\/td>\n<\/tr>\n<p><\/p>\n<tr>\n<td><font size=\"-1\">enth\u00e4lt Allergene:<\/font><\/td>\n<td><font size=\"-1\"><strong>Sulfite<\/strong><\/font><\/td>\n<\/tr>\n<p><\/table>\n","protected":false},"excerpt":{"rendered":"<p>2024er ROS\u00c9 Rheinhessen Qualit\u00e4tswein mild 1,0l Einsteigerwein &#8211; F\u00fcr jeden Tag &#8211;w\u00e4chst auf rotem Lehm- Kalkboden.&#8211;&nbsp;H\u00f6lle &#8211;&nbsp;Weinheim -.EIN ABSOLUTES MUSS &#8211; f\u00fcr Ihren Keller.Ros\u00e9 Farbe, Milder Wein mit Aromatischem Bukett nach Erdbeere, Himbeere, Gras.Weiss gekeltert, Leichter Wein, Komplex.Idealer Terassenwein im Sommer gut gek\u00fchlt -Solo- genauso wie im Winter.Ein Wein f\u00fcr alle F\u00e4lle.Pa\u00dft zu Gegrilltem, Spargel, [&hellip;]<\/p>\n","protected":false},"featured_media":47571,"comment_status":"open","ping_status":"closed","template":"","meta":[],"product_brand":[],"product_cat":[7039,7040],"product_tag":[],"class_list":{"0":"post-47606","1":"product","2":"type-product","3":"status-publish","4":"has-post-thumbnail","6":"product_cat-gutswein-rose","7":"product_cat-rose","9":"first","10":"instock","11":"taxable","12":"shipping-taxable","13":"purchasable","14":"product-type-simple"},"_links":{"self":[{"href":"https:\/\/www.lawall-stoehr.de\/shop\/index.php?rest_route=\/wp\/v2\/product\/47606"}],"collection":[{"href":"https:\/\/www.lawall-stoehr.de\/shop\/index.php?rest_route=\/wp\/v2\/product"}],"about":[{"href":"https:\/\/www.lawall-stoehr.de\/shop\/index.php?rest_route=\/wp\/v2\/types\/product"}],"replies":[{"embeddable":true,"href":"https:\/\/www.lawall-stoehr.de\/shop\/index.php?rest_route=%2Fwp%2Fv2%2Fcomments&post=47606"}],"wp:featuredmedia":[{"embeddable":true,"href":"https:\/\/www.lawall-stoehr.de\/shop\/index.php?rest_route=\/wp\/v2\/media\/47571"}],"wp:attachment":[{"href":"https:\/\/www.lawall-stoehr.de\/shop\/index.php?rest_route=%2Fwp%2Fv2%2Fmedia&parent=47606"}],"wp:term":[{"taxonomy":"product_brand","embeddable":true,"href":"https:\/\/www.lawall-stoehr.de\/shop\/index.php?rest_route=%2Fwp%2Fv2%2Fproduct_brand&post=47606"},{"taxonomy":"product_cat","embeddable":true,"href":"https:\/\/www.lawall-stoehr.de\/shop\/index.php?rest_route=%2Fwp%2Fv2%2Fproduct_cat&post=47606"},{"taxonomy":"product_tag","embeddable":true,"href":"https:\/\/www.lawall-stoehr.de\/shop\/index.php?rest_route=%2Fwp%2Fv2%2Fproduct_tag&post=47606"}],"curies":[{"name":"wp","href":"https:\/\/api.w.org\/{rel}","templated":true}]}}