{"id":47607,"date":"2025-11-26T10:56:14","date_gmt":"2025-11-26T08:56:14","guid":{"rendered":"https:\/\/www.lawall-stoehr.de\/shop\/?product=2021er-grauer-burgunder-classic-rheinhessen-qualitaetswein-075l"},"modified":"2026-03-25T12:13:13","modified_gmt":"2026-03-25T10:13:13","slug":"2021er-grauer-burgunder-classic-rheinhessen-qualitaetswein-075l","status":"publish","type":"product","link":"https:\/\/www.lawall-stoehr.de\/shop\/?product=2021er-grauer-burgunder-classic-rheinhessen-qualitaetswein-075l","title":{"rendered":"<br>2021er GRAUER BURGUNDER  CLASSIC Rheinhessen   Qualit\u00e4tswein   0,75l<br>"},"content":{"rendered":"<div align=\"left\"><font size=\"1\">2021er GRAUER BURGUNDER  CLASSIC Rheinhessen   Qualit\u00e4tswein   0,75l<\/p>\n<p>        <font color=\"#666666\"><!-- IBGHTML --><!-- IBGHTML --><\/p>\n<p align=\"center\"><font color=\"#808080\" size=\"4\"><font color=\"#dd0000\" size=\"4\"><font face=\"Frutiger 47 Light Condensed\"><font color=\"#000000\" size=\"1\"><font color=\"#000000\" size=\"3\"><strong>&#8211; Einsteigerwein &#8211; F\u00fcr jeden Tag &#8211;<br \/><\/strong><\/font><font color=\"#000000\" size=\"3\"><strong>w\u00e4chst auf&nbsp;schwerem Lehm- L\u00f6\u00dfboden.<br \/><\/strong><\/font><font size=\"3\"><font color=\"#000000\"><strong>&nbsp;&nbsp;RHEINHESSEN<\/strong><br \/><\/font><\/font><font color=\"#000000\" size=\"3\">Helle Farbe, leichte S\u00e4ure mit aromatischem Bukett nach Birne, Stachelbeere, Gras, Zitrusfr\u00fcchten.<br \/><\/font><font color=\"#000000\" size=\"3\">Leichter Wein, Komplex und einer&nbsp;feinen S\u00e4ure.<br \/><\/font><font color=\"#000000\"><font size=\"3\">Idealer Begleiter zu hellem Fleisch, Gegrilltem, Gefl\u00fcgel, Fisch, Gem\u00fcse und SPARGEL.<br \/><\/font><font color=\"#616161\" size=\"3\"><strong>Perfekt zur leichten K\u00fcche.<\/strong><\/font><\/font><\/font><\/font><\/font><\/font><\/p>\n<p><\/font><\/p>\n<p><\/font><\/div>\n<table WIDTH=\"60%\" BORDER=\"0\" align=\"left\" CELLPADDING=\"0\" CELLSPACING=\"0\"><\/p>\n<tr><\/p>\n<td width=\"53%\"><font size=\"-1\">Artikelnummer:<\/font><\/td>\n<td width=\"47%\"><font size=\"-1\"><strong>3636<\/strong><\/font><\/td>\n<p><\/tr>\n<tr><\/p>\n<td><font size=\"-1\">Inhalt<\/font><\/td>\n<td><font size=\"-1\"><strong>0,75 Ltr.<\/strong><\/font><\/td>\n<p><\/tr>\n<tr ALIGN=\"LEFT\"><\/p>\n<td><font size=\"-1\">Preis\/Ltr.<\/font><\/td>\n<td><font size=\"-1\"><strong>10,00 EUR pro Ltr.<\/strong><\/font><\/td>\n<p><\/tr>\n<tr><\/p>\n<td><font size=\"-1\">Weinart:<\/font><\/td>\n<td><font size=\"-1\"><strong>Wei\u00dfwein<\/strong><\/font><\/td>\n<p><\/tr>\n<tr><\/p>\n<td><font size=\"-1\">Qualit&auml;tsstufe<\/font><\/td>\n<td><font size=\"-1\"><strong>Qualit\u00e4tswein<\/strong><\/font><\/td>\n<p><\/tr>\n<tr><\/p>\n<td><font size=\"-1\">Rebsorte<\/font><\/td>\n<td><font size=\"-1\"><strong>Grauer Burgunder Classic<\/strong><\/font><\/td>\n<p><\/tr>\n<tr>  <\/p>\n<td><font size=\"-1\">Restzuckergehalt<\/font><\/td>\n<p>  <\/p>\n<td><font size=\"-1\"><strong>9,6 g\/Ltr.<\/strong><\/font><\/td>\n<p><\/tr>\n<p><\/p>\n<tr><\/p>\n<td><font size=\"-1\">Alkoholgehalt<\/font><\/td>\n<td><font size=\"-1\"><strong>12,5 Vol. %<\/strong><\/font><\/td>\n<p><\/tr>\n<p><\/p>\n<tr>\n<td><font size=\"-1\">Bio:<\/font><\/td>\n<td><font size=\"-1\"><strong>NEIN<\/strong><\/font><\/td>\n<\/tr>\n<p><\/p>\n<tr>\n<td><font size=\"-1\">vegan:<\/font><\/td>\n<td><font size=\"-1\"><strong>NEIN<\/strong><\/font><\/td>\n<\/tr>\n<p><\/p>\n<tr>\n<td><font size=\"-1\">Ursprungsland:<\/font><\/td>\n<td><font size=\"-1\"><strong><\/strong><\/font><\/td>\n<\/tr>\n<p><\/p>\n<tr>\n<td><font size=\"-1\">enth\u00e4lt Allergene:<\/font><\/td>\n<td><font size=\"-1\"><strong>Sulfite<\/strong><\/font><\/td>\n<\/tr>\n<p><\/table>\n","protected":false},"excerpt":{"rendered":"<p>2021er GRAUER BURGUNDER CLASSIC Rheinhessen Qualit\u00e4tswein 0,75l &#8211; Einsteigerwein &#8211; F\u00fcr jeden Tag &#8211;w\u00e4chst auf&nbsp;schwerem Lehm- L\u00f6\u00dfboden.&nbsp;&nbsp;RHEINHESSENHelle Farbe, leichte S\u00e4ure mit aromatischem Bukett nach Birne, Stachelbeere, Gras, Zitrusfr\u00fcchten.Leichter Wein, Komplex und einer&nbsp;feinen S\u00e4ure.Idealer Begleiter zu hellem Fleisch, Gegrilltem, Gefl\u00fcgel, Fisch, Gem\u00fcse und SPARGEL.Perfekt zur leichten K\u00fcche. Artikelnummer: 3636 Inhalt 0,75 Ltr. Preis\/Ltr. 10,00 EUR pro [&hellip;]<\/p>\n","protected":false},"featured_media":47550,"comment_status":"open","ping_status":"closed","template":"","meta":[],"product_brand":[],"product_cat":[7041,7034],"product_tag":[],"class_list":{"0":"post-47607","1":"product","2":"type-product","3":"status-publish","4":"has-post-thumbnail","6":"product_cat-gutsweine-weiss","7":"product_cat-weissweine","9":"first","10":"instock","11":"featured","12":"taxable","13":"shipping-taxable","14":"purchasable","15":"product-type-simple"},"_links":{"self":[{"href":"https:\/\/www.lawall-stoehr.de\/shop\/index.php?rest_route=\/wp\/v2\/product\/47607"}],"collection":[{"href":"https:\/\/www.lawall-stoehr.de\/shop\/index.php?rest_route=\/wp\/v2\/product"}],"about":[{"href":"https:\/\/www.lawall-stoehr.de\/shop\/index.php?rest_route=\/wp\/v2\/types\/product"}],"replies":[{"embeddable":true,"href":"https:\/\/www.lawall-stoehr.de\/shop\/index.php?rest_route=%2Fwp%2Fv2%2Fcomments&post=47607"}],"wp:featuredmedia":[{"embeddable":true,"href":"https:\/\/www.lawall-stoehr.de\/shop\/index.php?rest_route=\/wp\/v2\/media\/47550"}],"wp:attachment":[{"href":"https:\/\/www.lawall-stoehr.de\/shop\/index.php?rest_route=%2Fwp%2Fv2%2Fmedia&parent=47607"}],"wp:term":[{"taxonomy":"product_brand","embeddable":true,"href":"https:\/\/www.lawall-stoehr.de\/shop\/index.php?rest_route=%2Fwp%2Fv2%2Fproduct_brand&post=47607"},{"taxonomy":"product_cat","embeddable":true,"href":"https:\/\/www.lawall-stoehr.de\/shop\/index.php?rest_route=%2Fwp%2Fv2%2Fproduct_cat&post=47607"},{"taxonomy":"product_tag","embeddable":true,"href":"https:\/\/www.lawall-stoehr.de\/shop\/index.php?rest_route=%2Fwp%2Fv2%2Fproduct_tag&post=47607"}],"curies":[{"name":"wp","href":"https:\/\/api.w.org\/{rel}","templated":true}]}}