{"id":47608,"date":"2025-11-26T10:56:16","date_gmt":"2025-11-26T08:56:16","guid":{"rendered":"https:\/\/www.lawall-stoehr.de\/shop\/?product=2024er-scheurebe-trocken-rheinhessen-qualitaetswein-10l"},"modified":"2026-04-29T14:04:23","modified_gmt":"2026-04-29T12:04:23","slug":"2024er-scheurebe-trocken-rheinhessen-qualitaetswein-10l","status":"publish","type":"product","link":"https:\/\/www.lawall-stoehr.de\/shop\/?product=2024er-scheurebe-trocken-rheinhessen-qualitaetswein-10l","title":{"rendered":"<br>2024er SCHEUREBE  TROCKEN <br>Rheinhessen  Qualit\u00e4tswein    1,0l<br>"},"content":{"rendered":"<div align=\"left\"><font size=\"1\">2024er SCHEUREBE  TROCKEN <br \/>Rheinhessen  Qualit\u00e4tswein    1,0l<\/p>\n<p>        <font color=\"#666666\"><!-- IBGHTML --><\/p>\n<p align=\"center\"><!-- IBGHTML --><strong>&nbsp;&#8211; Einsteigerwein &#8211; F\u00fcr jeden Tag &#8211;<br \/><\/strong><font color=\"#000000\" face=\"Frutiger 47 Light Condensed\"><strong>w\u00e4chst auf&nbsp;schwerem Lehm- L\u00f6\u00dfboden.<br \/><\/strong><\/font><strong><font color=\"#000000\" face=\"Frutiger 47 Light Condensed\">&#8211;&nbsp;Sonnenberg &#8211;&nbsp;Heimersheim -.<br \/><\/font><\/strong><font color=\"#000000\" face=\"Frutiger 47 Light Condensed\">Sie ist eine Kreuzung Silvaner X Riesling. Ein Kind Georg Scheus.<br \/>Ein Schoppenwein f\u00fcr alle Tage und passend zu jeder Gelegenheit.<br \/>Helle Farbe, Feinherber Wein mit aromatischem Bukett nach reifer Birne, Pflaume.<br \/>Leichter&nbsp;trockener Wein, Komplex mit&nbsp;feiner S\u00e4ure.<br \/><\/font><font face=\"Frutiger 47 Light Condensed\"><font color=\"#000000\"><strong>Idealer Begleiter zu jeder Feier oder Party entweder PUR oder als SCHOPPEN.<br \/><\/strong>Passt zu Gegrilltem, Gefl\u00fcgel, Wurst oder Schinkenbrot und in die leichte K\u00fcche.<\/font><\/font><\/p>\n<p><\/font><\/p>\n<p><\/font><\/div>\n<table WIDTH=\"60%\" BORDER=\"0\" align=\"left\" CELLPADDING=\"0\" CELLSPACING=\"0\"><\/p>\n<tr><\/p>\n<td width=\"53%\"><font size=\"-1\">Artikelnummer:<\/font><\/td>\n<td width=\"47%\"><font size=\"-1\"><strong>3637*1<\/strong><\/font><\/td>\n<p><\/tr>\n<tr><\/p>\n<td><font size=\"-1\">Inhalt<\/font><\/td>\n<td><font size=\"-1\"><strong>1,0 Ltr.<\/strong><\/font><\/td>\n<p><\/tr>\n<tr ALIGN=\"LEFT\"><\/p>\n<td><font size=\"-1\">Preis\/Ltr.<\/font><\/td>\n<td><font size=\"-1\"><strong>7,00 EUR pro Ltr.<\/strong><\/font><\/td>\n<p><\/tr>\n<tr><\/p>\n<td><font size=\"-1\">Weinart:<\/font><\/td>\n<td><font size=\"-1\"><strong>Wei\u00dfwein<\/strong><\/font><\/td>\n<p><\/tr>\n<tr><\/p>\n<td><font size=\"-1\">Qualit&auml;tsstufe<\/font><\/td>\n<td><font size=\"-1\"><strong>Qualit\u00e4tswein<\/strong><\/font><\/td>\n<p><\/tr>\n<tr><\/p>\n<td><font size=\"-1\">Rebsorte<\/font><\/td>\n<td><font size=\"-1\"><strong>Scheurebe<\/strong><\/font><\/td>\n<p><\/tr>\n<tr>  <\/p>\n<td><font size=\"-1\">Restzuckergehalt<\/font><\/td>\n<p>  <\/p>\n<td><font size=\"-1\"><strong>0,8 g\/Ltr.<\/strong><\/font><\/td>\n<p><\/tr>\n<p><\/p>\n<tr><\/p>\n<td><font size=\"-1\">Alkoholgehalt<\/font><\/td>\n<td><font size=\"-1\"><strong>12,5 Vol. %<\/strong><\/font><\/td>\n<p><\/tr>\n<p><\/p>\n<tr>\n<td><font size=\"-1\">Bio:<\/font><\/td>\n<td><font size=\"-1\"><strong>NEIN<\/strong><\/font><\/td>\n<\/tr>\n<p><\/p>\n<tr>\n<td><font size=\"-1\">vegan:<\/font><\/td>\n<td><font size=\"-1\"><strong>NEIN<\/strong><\/font><\/td>\n<\/tr>\n<p><\/p>\n<tr>\n<td><font size=\"-1\">Ursprungsland:<\/font><\/td>\n<td><font size=\"-1\"><strong><\/strong><\/font><\/td>\n<\/tr>\n<p><\/p>\n<tr>\n<td><font size=\"-1\">enth\u00e4lt Allergene:<\/font><\/td>\n<td><font size=\"-1\"><strong>Sulfite<\/strong><\/font><\/td>\n<\/tr>\n<p><\/table>\n","protected":false},"excerpt":{"rendered":"<p>2024er SCHEUREBE TROCKEN Rheinhessen Qualit\u00e4tswein 1,0l &nbsp;&#8211; Einsteigerwein &#8211; F\u00fcr jeden Tag &#8211;w\u00e4chst auf&nbsp;schwerem Lehm- L\u00f6\u00dfboden.&#8211;&nbsp;Sonnenberg &#8211;&nbsp;Heimersheim -.Sie ist eine Kreuzung Silvaner X Riesling. Ein Kind Georg Scheus.Ein Schoppenwein f\u00fcr alle Tage und passend zu jeder Gelegenheit.Helle Farbe, Feinherber Wein mit aromatischem Bukett nach reifer Birne, Pflaume.Leichter&nbsp;trockener Wein, Komplex mit&nbsp;feiner S\u00e4ure.Idealer Begleiter zu jeder Feier [&hellip;]<\/p>\n","protected":false},"featured_media":47575,"comment_status":"open","ping_status":"closed","template":"","meta":[],"product_brand":[],"product_cat":[7041,7034],"product_tag":[],"class_list":{"0":"post-47608","1":"product","2":"type-product","3":"status-publish","4":"has-post-thumbnail","6":"product_cat-gutsweine-weiss","7":"product_cat-weissweine","9":"first","10":"instock","11":"taxable","12":"shipping-taxable","13":"purchasable","14":"product-type-simple"},"_links":{"self":[{"href":"https:\/\/www.lawall-stoehr.de\/shop\/index.php?rest_route=\/wp\/v2\/product\/47608"}],"collection":[{"href":"https:\/\/www.lawall-stoehr.de\/shop\/index.php?rest_route=\/wp\/v2\/product"}],"about":[{"href":"https:\/\/www.lawall-stoehr.de\/shop\/index.php?rest_route=\/wp\/v2\/types\/product"}],"replies":[{"embeddable":true,"href":"https:\/\/www.lawall-stoehr.de\/shop\/index.php?rest_route=%2Fwp%2Fv2%2Fcomments&post=47608"}],"wp:featuredmedia":[{"embeddable":true,"href":"https:\/\/www.lawall-stoehr.de\/shop\/index.php?rest_route=\/wp\/v2\/media\/47575"}],"wp:attachment":[{"href":"https:\/\/www.lawall-stoehr.de\/shop\/index.php?rest_route=%2Fwp%2Fv2%2Fmedia&parent=47608"}],"wp:term":[{"taxonomy":"product_brand","embeddable":true,"href":"https:\/\/www.lawall-stoehr.de\/shop\/index.php?rest_route=%2Fwp%2Fv2%2Fproduct_brand&post=47608"},{"taxonomy":"product_cat","embeddable":true,"href":"https:\/\/www.lawall-stoehr.de\/shop\/index.php?rest_route=%2Fwp%2Fv2%2Fproduct_cat&post=47608"},{"taxonomy":"product_tag","embeddable":true,"href":"https:\/\/www.lawall-stoehr.de\/shop\/index.php?rest_route=%2Fwp%2Fv2%2Fproduct_tag&post=47608"}],"curies":[{"name":"wp","href":"https:\/\/api.w.org\/{rel}","templated":true}]}}