{"id":47611,"date":"2025-11-26T10:56:19","date_gmt":"2025-11-26T08:56:19","guid":{"rendered":"https:\/\/www.lawall-stoehr.de\/shop\/?product=2024er-mueller-thurgau-rheinhessen-mild-qualitaetswein-10l"},"modified":"2026-04-01T13:55:40","modified_gmt":"2026-04-01T11:55:40","slug":"2024er-mueller-thurgau-rheinhessen-mild-qualitaetswein-10l","status":"publish","type":"product","link":"https:\/\/www.lawall-stoehr.de\/shop\/?product=2024er-mueller-thurgau-rheinhessen-mild-qualitaetswein-10l","title":{"rendered":"<br>2024er  M\u00fcller-Thurgau  Rheinhessen mild Qualit\u00e4tswein   1,0l<br>"},"content":{"rendered":"<div align=\"left\"><font size=\"1\">2024er  M\u00fcller-Thurgau  Rheinhessen mild Qualit\u00e4tswein   1,0l<\/p>\n<p>        <font color=\"#666666\"><!-- IBGHTML --><\/p>\n<p align=\"center\"><!-- IBGHTML --><strong>&#8211; Einsteigerwein &#8211; F\u00fcr jeden Tag &#8211;<br \/><\/strong><font color=\"#000000\" face=\"Frutiger 47 Light Condensed\"><strong>w\u00e4chst auf&nbsp;schwerem Lehmboden.<br \/><\/strong><\/font><strong><font color=\"#000000\" face=\"Frutiger 47 Light Condensed\">&#8211;&nbsp;Rotenfels &#8211;&nbsp;Heimersheim -.<br \/><\/font><\/strong><font face=\"Frutiger 47 Light Condensed\"><font color=\"#000000\">Ein Schoppenwein f\u00fcr alle Tage.<br \/>Helle Farbe, Milder Wein mit aromatischem Bukett nach Gras, Apfel, Johannisbeere.<br \/>Leichter Wein, Komplex mit wenig S\u00e4ure.<br \/>Passt zur herzhaften Alltagsk\u00fcche genauso wie zu Schweinebraten oder Pasta mit Sahnesauce.<br \/><strong>Idealer Tischwein, f\u00fcr die Party genauso geeignet wie zum Solotrinken alleine<font color=\"#616161\"><\/font><\/strong><\/font><font color=\"#616161\"><\/font><\/font><\/p>\n<p><\/font><\/p>\n<p><\/font><\/div>\n<table WIDTH=\"60%\" BORDER=\"0\" align=\"left\" CELLPADDING=\"0\" CELLSPACING=\"0\"><\/p>\n<tr><\/p>\n<td width=\"53%\"><font size=\"-1\">Artikelnummer:<\/font><\/td>\n<td width=\"47%\"><font size=\"-1\"><strong>3676*1<\/strong><\/font><\/td>\n<p><\/tr>\n<tr><\/p>\n<td><font size=\"-1\">Inhalt<\/font><\/td>\n<td><font size=\"-1\"><strong>1,0 Ltr.<\/strong><\/font><\/td>\n<p><\/tr>\n<tr ALIGN=\"LEFT\"><\/p>\n<td><font size=\"-1\">Preis\/Ltr.<\/font><\/td>\n<td><font size=\"-1\"><strong>7,00 EUR pro Ltr.<\/strong><\/font><\/td>\n<p><\/tr>\n<tr><\/p>\n<td><font size=\"-1\">Weinart:<\/font><\/td>\n<td><font size=\"-1\"><strong>Wei\u00dfwein<\/strong><\/font><\/td>\n<p><\/tr>\n<tr><\/p>\n<td><font size=\"-1\">Qualit&auml;tsstufe<\/font><\/td>\n<td><font size=\"-1\"><strong>Qualit\u00e4tswein<\/strong><\/font><\/td>\n<p><\/tr>\n<tr><\/p>\n<td><font size=\"-1\">Rebsorte<\/font><\/td>\n<td><font size=\"-1\"><strong>M\u00fcller-Thurgau<\/strong><\/font><\/td>\n<p><\/tr>\n<tr>  <\/p>\n<td><font size=\"-1\">Restzuckergehalt<\/font><\/td>\n<p>  <\/p>\n<td><font size=\"-1\"><strong>28,5 g\/Ltr.<\/strong><\/font><\/td>\n<p><\/tr>\n<p><\/p>\n<tr><\/p>\n<td><font size=\"-1\">Alkoholgehalt<\/font><\/td>\n<td><font size=\"-1\"><strong>11,0 Vol. %<\/strong><\/font><\/td>\n<p><\/tr>\n<p><\/p>\n<tr>\n<td><font size=\"-1\">Bio:<\/font><\/td>\n<td><font size=\"-1\"><strong>NEIN<\/strong><\/font><\/td>\n<\/tr>\n<p><\/p>\n<tr>\n<td><font size=\"-1\">vegan:<\/font><\/td>\n<td><font size=\"-1\"><strong>NEIN<\/strong><\/font><\/td>\n<\/tr>\n<p><\/p>\n<tr>\n<td><font size=\"-1\">Ursprungsland:<\/font><\/td>\n<td><font size=\"-1\"><strong><\/strong><\/font><\/td>\n<\/tr>\n<p><\/p>\n<tr>\n<td><font size=\"-1\">enth\u00e4lt Allergene:<\/font><\/td>\n<td><font size=\"-1\"><strong>Sulfite<\/strong><\/font><\/td>\n<\/tr>\n<p><\/table>\n","protected":false},"excerpt":{"rendered":"<p>2024er M\u00fcller-Thurgau Rheinhessen mild Qualit\u00e4tswein 1,0l &#8211; Einsteigerwein &#8211; F\u00fcr jeden Tag &#8211;w\u00e4chst auf&nbsp;schwerem Lehmboden.&#8211;&nbsp;Rotenfels &#8211;&nbsp;Heimersheim -.Ein Schoppenwein f\u00fcr alle Tage.Helle Farbe, Milder Wein mit aromatischem Bukett nach Gras, Apfel, Johannisbeere.Leichter Wein, Komplex mit wenig S\u00e4ure.Passt zur herzhaften Alltagsk\u00fcche genauso wie zu Schweinebraten oder Pasta mit Sahnesauce.Idealer Tischwein, f\u00fcr die Party genauso geeignet wie zum [&hellip;]<\/p>\n","protected":false},"featured_media":47565,"comment_status":"open","ping_status":"closed","template":"","meta":[],"product_brand":[],"product_cat":[7041,7034],"product_tag":[],"class_list":{"0":"post-47611","1":"product","2":"type-product","3":"status-publish","4":"has-post-thumbnail","6":"product_cat-gutsweine-weiss","7":"product_cat-weissweine","9":"first","10":"instock","11":"taxable","12":"shipping-taxable","13":"purchasable","14":"product-type-simple"},"_links":{"self":[{"href":"https:\/\/www.lawall-stoehr.de\/shop\/index.php?rest_route=\/wp\/v2\/product\/47611"}],"collection":[{"href":"https:\/\/www.lawall-stoehr.de\/shop\/index.php?rest_route=\/wp\/v2\/product"}],"about":[{"href":"https:\/\/www.lawall-stoehr.de\/shop\/index.php?rest_route=\/wp\/v2\/types\/product"}],"replies":[{"embeddable":true,"href":"https:\/\/www.lawall-stoehr.de\/shop\/index.php?rest_route=%2Fwp%2Fv2%2Fcomments&post=47611"}],"wp:featuredmedia":[{"embeddable":true,"href":"https:\/\/www.lawall-stoehr.de\/shop\/index.php?rest_route=\/wp\/v2\/media\/47565"}],"wp:attachment":[{"href":"https:\/\/www.lawall-stoehr.de\/shop\/index.php?rest_route=%2Fwp%2Fv2%2Fmedia&parent=47611"}],"wp:term":[{"taxonomy":"product_brand","embeddable":true,"href":"https:\/\/www.lawall-stoehr.de\/shop\/index.php?rest_route=%2Fwp%2Fv2%2Fproduct_brand&post=47611"},{"taxonomy":"product_cat","embeddable":true,"href":"https:\/\/www.lawall-stoehr.de\/shop\/index.php?rest_route=%2Fwp%2Fv2%2Fproduct_cat&post=47611"},{"taxonomy":"product_tag","embeddable":true,"href":"https:\/\/www.lawall-stoehr.de\/shop\/index.php?rest_route=%2Fwp%2Fv2%2Fproduct_tag&post=47611"}],"curies":[{"name":"wp","href":"https:\/\/api.w.org\/{rel}","templated":true}]}}