{"id":47613,"date":"2025-11-26T10:56:22","date_gmt":"2025-11-26T08:56:22","guid":{"rendered":"https:\/\/www.lawall-stoehr.de\/shop\/?product=2023er-feuer-secco-feinherb-075ldeutscher-perlwein-weiss"},"modified":"2026-04-01T13:55:43","modified_gmt":"2026-04-01T11:55:43","slug":"2023er-feuer-secco-feinherb-075ldeutscher-perlwein-weiss","status":"publish","type":"product","link":"https:\/\/www.lawall-stoehr.de\/shop\/?product=2023er-feuer-secco-feinherb-075ldeutscher-perlwein-weiss","title":{"rendered":"<br>2023er FEUER &#8211; SECCO  FEINHERB    0,75l<br>Deutscher Perlwein &#8211; WEISS &#8211;<br>"},"content":{"rendered":"<div align=\"left\"><font size=\"1\">2023er FEUER &#8211; SECCO  FEINHERB    0,75l<br \/>Deutscher Perlwein &#8211; WEISS &#8211;<\/p>\n<p>        <font color=\"#666666\"><!-- IBGHTML --><!-- IBGHTML --><\/p>\n<p align=\"center\"><font color=\"#727272\"><strong><font color=\"#000000\" face=\"Frutiger 47 Light Condensed\">PERLWEIN<br \/><\/font><font color=\"#000000\" face=\"Frutiger 47 Light Condensed\" size=\"5\"><em>das SommerVergn\u00fcgen<br \/><\/em><\/font><font size=\"6\"><font face=\"Frutiger 47 Light Condensed\"><font color=\"#000000\"><em>F&nbsp;E U E R<\/em>&nbsp;&nbsp;<br \/><\/font><\/font><\/font><\/strong><\/font><font face=\"Frutiger 47 Light Condensed\"><br \/><\/font><strong><font color=\"#000000\" face=\"Frutiger 47 Light Condensed\">&#8211; sollte auf keiner Ihrer Party&#8217;s fehlen &#8211;<br \/><\/font><\/strong><strong><font color=\"#000000\" face=\"Frutiger 47 Light Condensed\">LEICHT&nbsp;&#8211; FRISCH &#8211;&nbsp;FEINHERB &#8211; S\u00dcFFIG&nbsp;<br \/><\/font><\/strong><strong><font color=\"#000000\" face=\"Frutiger 47 Light Condensed\">&nbsp;Eine&nbsp;Symphonie mit zugesetzter Kohlens\u00e4ure.<br \/><\/font><font color=\"#727272\" size=\"3\"><font color=\"#000000\"><font face=\"Frutiger 47 Light Condensed\">Feine,&nbsp;leichte S\u00e4ure gepaart mit dem Duft von Pfirsich, Gras und Zitrusfr\u00fcchten.<br \/>&#8211; GUTE LAUNE IST VORPROGRAMMIERT<\/font> &#8211;<\/font><font color=\"#d70000\"><\/font><\/font><font color=\"#d70000\"><\/font><\/strong><font color=\"#d70000\"><\/font><\/p>\n<p><\/font><\/p>\n<p><\/font><\/div>\n<table WIDTH=\"60%\" BORDER=\"0\" align=\"left\" CELLPADDING=\"0\" CELLSPACING=\"0\"><\/p>\n<tr><\/p>\n<td width=\"53%\"><font size=\"-1\">Artikelnummer:<\/font><\/td>\n<td width=\"47%\"><font size=\"-1\"><strong>5685<\/strong><\/font><\/td>\n<p><\/tr>\n<tr><\/p>\n<td><font size=\"-1\">Inhalt<\/font><\/td>\n<td><font size=\"-1\"><strong>0,75 Ltr.<\/strong><\/font><\/td>\n<p><\/tr>\n<tr ALIGN=\"LEFT\"><\/p>\n<td><font size=\"-1\">Preis\/Ltr.<\/font><\/td>\n<td><font size=\"-1\"><strong>10,13 EUR pro Ltr.<\/strong><\/font><\/td>\n<p><\/tr>\n<tr><\/p>\n<td><font size=\"-1\">Weinart:<\/font><\/td>\n<td><font size=\"-1\"><strong>Perlwein<\/strong><\/font><\/td>\n<p><\/tr>\n<tr><\/p>\n<td><font size=\"-1\">Qualit&auml;tsstufe<\/font><\/td>\n<td><font size=\"-1\"><strong><\/strong><\/font><\/td>\n<p><\/tr>\n<tr><\/p>\n<td><font size=\"-1\">Rebsorte<\/font><\/td>\n<td><font size=\"-1\"><strong><\/strong><\/font><\/td>\n<p><\/tr>\n<tr>  <\/p>\n<td><font size=\"-1\">Restzuckergehalt<\/font><\/td>\n<p>  <\/p>\n<td><font size=\"-1\"><strong>12,3 g\/Ltr.<\/strong><\/font><\/td>\n<p><\/tr>\n<p><\/p>\n<tr><\/p>\n<td><font size=\"-1\">Alkoholgehalt<\/font><\/td>\n<td><font size=\"-1\"><strong>13,5 Vol. %<\/strong><\/font><\/td>\n<p><\/tr>\n<p><\/p>\n<tr>\n<td><font size=\"-1\">Bio:<\/font><\/td>\n<td><font size=\"-1\"><strong>NEIN<\/strong><\/font><\/td>\n<\/tr>\n<p><\/p>\n<tr>\n<td><font size=\"-1\">vegan:<\/font><\/td>\n<td><font size=\"-1\"><strong>NEIN<\/strong><\/font><\/td>\n<\/tr>\n<p><\/p>\n<tr>\n<td><font size=\"-1\">Ursprungsland:<\/font><\/td>\n<td><font size=\"-1\"><strong><\/strong><\/font><\/td>\n<\/tr>\n<p><\/p>\n<tr>\n<td><font size=\"-1\">enth\u00e4lt Allergene:<\/font><\/td>\n<td><font size=\"-1\"><strong>Sulfite<\/strong><\/font><\/td>\n<\/tr>\n<p><\/table>\n","protected":false},"excerpt":{"rendered":"<p>2023er FEUER &#8211; SECCO FEINHERB 0,75lDeutscher Perlwein &#8211; WEISS &#8211; PERLWEINdas SommerVergn\u00fcgenF&nbsp;E U E R&nbsp;&nbsp;&#8211; sollte auf keiner Ihrer Party&#8217;s fehlen &#8211;LEICHT&nbsp;&#8211; FRISCH &#8211;&nbsp;FEINHERB &#8211; S\u00dcFFIG&nbsp;&nbsp;Eine&nbsp;Symphonie mit zugesetzter Kohlens\u00e4ure.Feine,&nbsp;leichte S\u00e4ure gepaart mit dem Duft von Pfirsich, Gras und Zitrusfr\u00fcchten.&#8211; GUTE LAUNE IST VORPROGRAMMIERT &#8211; Artikelnummer: 5685 Inhalt 0,75 Ltr. Preis\/Ltr. 10,13 EUR pro Ltr. Weinart: [&hellip;]<\/p>\n","protected":false},"featured_media":47545,"comment_status":"open","ping_status":"closed","template":"","meta":[],"product_brand":[],"product_cat":[7043,7044],"product_tag":[],"class_list":{"0":"post-47613","1":"product","2":"type-product","3":"status-publish","4":"has-post-thumbnail","6":"product_cat-secco","7":"product_cat-sekt-und-secco","9":"first","10":"instock","11":"taxable","12":"shipping-taxable","13":"purchasable","14":"product-type-simple"},"_links":{"self":[{"href":"https:\/\/www.lawall-stoehr.de\/shop\/index.php?rest_route=\/wp\/v2\/product\/47613"}],"collection":[{"href":"https:\/\/www.lawall-stoehr.de\/shop\/index.php?rest_route=\/wp\/v2\/product"}],"about":[{"href":"https:\/\/www.lawall-stoehr.de\/shop\/index.php?rest_route=\/wp\/v2\/types\/product"}],"replies":[{"embeddable":true,"href":"https:\/\/www.lawall-stoehr.de\/shop\/index.php?rest_route=%2Fwp%2Fv2%2Fcomments&post=47613"}],"wp:featuredmedia":[{"embeddable":true,"href":"https:\/\/www.lawall-stoehr.de\/shop\/index.php?rest_route=\/wp\/v2\/media\/47545"}],"wp:attachment":[{"href":"https:\/\/www.lawall-stoehr.de\/shop\/index.php?rest_route=%2Fwp%2Fv2%2Fmedia&parent=47613"}],"wp:term":[{"taxonomy":"product_brand","embeddable":true,"href":"https:\/\/www.lawall-stoehr.de\/shop\/index.php?rest_route=%2Fwp%2Fv2%2Fproduct_brand&post=47613"},{"taxonomy":"product_cat","embeddable":true,"href":"https:\/\/www.lawall-stoehr.de\/shop\/index.php?rest_route=%2Fwp%2Fv2%2Fproduct_cat&post=47613"},{"taxonomy":"product_tag","embeddable":true,"href":"https:\/\/www.lawall-stoehr.de\/shop\/index.php?rest_route=%2Fwp%2Fv2%2Fproduct_tag&post=47613"}],"curies":[{"name":"wp","href":"https:\/\/api.w.org\/{rel}","templated":true}]}}