{"id":47617,"date":"2025-11-26T10:56:26","date_gmt":"2025-11-26T08:56:26","guid":{"rendered":"https:\/\/www.lawall-stoehr.de\/shop\/?product=winzersekt-spaetburgunder-rot-trocken-075-l"},"modified":"2026-04-01T13:55:47","modified_gmt":"2026-04-01T11:55:47","slug":"winzersekt-spaetburgunder-rot-trocken-075-l","status":"publish","type":"product","link":"https:\/\/www.lawall-stoehr.de\/shop\/?product=winzersekt-spaetburgunder-rot-trocken-075-l","title":{"rendered":"<br>WINZERSEKT Sp\u00e4tburgunder Rot trocken  0,75 L<br>"},"content":{"rendered":"<div align=\"left\"><font size=\"1\">WINZERSEKT Sp\u00e4tburgunder Rot trocken  0,75 L<\/p>\n<p>        <font color=\"#666666\"><!-- IBGHTML --><\/p>\n<p align=\"center\"><font face=\"Frutiger 47 Light Condensed\"><font color=\"#000000\">Roter Sekt, Mild.<br \/>Die Aromen nach Kirsche, Brombeere werden unterst\u00fctzt von einer&nbsp;feinen S\u00e4ure.<br \/><strong>Die sinnliche Farbe lassen nicht nur das Herz der Fans der milden Geschmacksrichtung sondern auch der trockenen Geschmacksrichtung h\u00f6her schlagen.<\/strong><br \/>Hergestellt. EZG Winzersekt GmbH. Sprendlingen. Mitglied.<\/font><br \/><\/font><\/p>\n<p><\/font><\/p>\n<p><\/font><\/div>\n<table WIDTH=\"60%\" BORDER=\"0\" align=\"left\" CELLPADDING=\"0\" CELLSPACING=\"0\"><\/p>\n<tr><\/p>\n<td width=\"53%\"><font size=\"-1\">Artikelnummer:<\/font><\/td>\n<td width=\"47%\"><font size=\"-1\"><strong>6296<\/strong><\/font><\/td>\n<p><\/tr>\n<\/table>\n","protected":false},"excerpt":{"rendered":"<p>WINZERSEKT Sp\u00e4tburgunder Rot trocken 0,75 L Roter Sekt, Mild.Die Aromen nach Kirsche, Brombeere werden unterst\u00fctzt von einer&nbsp;feinen S\u00e4ure.Die sinnliche Farbe lassen nicht nur das Herz der Fans der milden Geschmacksrichtung sondern auch der trockenen Geschmacksrichtung h\u00f6her schlagen.Hergestellt. EZG Winzersekt GmbH. Sprendlingen. Mitglied. Artikelnummer: 6296<\/p>\n","protected":false},"featured_media":47618,"comment_status":"open","ping_status":"closed","template":"","meta":[],"product_brand":[],"product_cat":[7045,7044],"product_tag":[],"class_list":{"0":"post-47617","1":"product","2":"type-product","3":"status-publish","4":"has-post-thumbnail","6":"product_cat-winzersekte","7":"product_cat-sekt-und-secco","9":"first","10":"instock","11":"taxable","12":"shipping-taxable","13":"purchasable","14":"product-type-simple"},"_links":{"self":[{"href":"https:\/\/www.lawall-stoehr.de\/shop\/index.php?rest_route=\/wp\/v2\/product\/47617"}],"collection":[{"href":"https:\/\/www.lawall-stoehr.de\/shop\/index.php?rest_route=\/wp\/v2\/product"}],"about":[{"href":"https:\/\/www.lawall-stoehr.de\/shop\/index.php?rest_route=\/wp\/v2\/types\/product"}],"replies":[{"embeddable":true,"href":"https:\/\/www.lawall-stoehr.de\/shop\/index.php?rest_route=%2Fwp%2Fv2%2Fcomments&post=47617"}],"wp:featuredmedia":[{"embeddable":true,"href":"https:\/\/www.lawall-stoehr.de\/shop\/index.php?rest_route=\/wp\/v2\/media\/47618"}],"wp:attachment":[{"href":"https:\/\/www.lawall-stoehr.de\/shop\/index.php?rest_route=%2Fwp%2Fv2%2Fmedia&parent=47617"}],"wp:term":[{"taxonomy":"product_brand","embeddable":true,"href":"https:\/\/www.lawall-stoehr.de\/shop\/index.php?rest_route=%2Fwp%2Fv2%2Fproduct_brand&post=47617"},{"taxonomy":"product_cat","embeddable":true,"href":"https:\/\/www.lawall-stoehr.de\/shop\/index.php?rest_route=%2Fwp%2Fv2%2Fproduct_cat&post=47617"},{"taxonomy":"product_tag","embeddable":true,"href":"https:\/\/www.lawall-stoehr.de\/shop\/index.php?rest_route=%2Fwp%2Fv2%2Fproduct_tag&post=47617"}],"curies":[{"name":"wp","href":"https:\/\/api.w.org\/{rel}","templated":true}]}}