{"id":47629,"date":"2025-11-26T10:56:36","date_gmt":"2025-11-26T08:56:36","guid":{"rendered":"https:\/\/www.lawall-stoehr.de\/shop\/?product=weinbergspfirsichlikoer-05-l"},"modified":"2026-04-01T13:55:56","modified_gmt":"2026-04-01T11:55:56","slug":"weinbergspfirsichlikoer-05-l","status":"publish","type":"product","link":"https:\/\/www.lawall-stoehr.de\/shop\/?product=weinbergspfirsichlikoer-05-l","title":{"rendered":"<br>WEINBERGSPFIRSICHLIK\u00d6R  0,5 L<br>"},"content":{"rendered":"<div align=\"left\"><font size=\"1\">WEINBERGSPFIRSICHLIK\u00d6R  0,5 L<\/p>\n<p>        <font color=\"#666666\"><!-- IBGHTML --><\/p>\n<p style=\"background: white;margin: 0cm 0cm 7.5pt;line-height: 12pt\">\n<p><span style='font-family: \"Arial\",sans-serif;font-size: 8.5pt'><\/p>\n<p style=\"background: white;margin: 0cm 0cm 7.5pt;line-height: 12pt\">\n<p><font face=\"Frutiger 45 Light\" size=\"3\"><\/p>\n<p align=\"center\" style=\"background: white;margin: 0cm 0cm 7.5pt;line-height: 12pt\"><font color=\"#000000\"><\/font><font color=\"#000000\"><font color=\"#79003d\" size=\"4\"><font size=\"4\"><font color=\"#000000\" size=\"3\"><strong>WEINBERGSPFIRSCH-LIK\u00d6R<\/strong><\/font><br \/><\/font><\/font><br \/>Vollmundiger, intensivnach Weinbergs-Pfirsich duftender Lik\u00f6r \u2013 hergestellt aus einem Geist ausWeinbergs-Pfirsichen unter Zugabe von Weinbergs-Pfirsich-Fruchtsaft. Dietypische Farbe des Fruchtsafts gibt dem Lik\u00f6r die Farbe.<br \/><\/font><span style='font-family: \"Arial\",sans-serif;font-size: 10.5pt'><font face=\"Times New Roman\"><font color=\"#000000\">Genie\u00dfen Sie diesen Lik\u00f6r pur, z. B. als Aperetif, als Longdrink in einem Glas Sekt oder zu Eis.<br \/><font color=\"#858585\" size=\"3\">Hergestellt von Destille Kaltenthaler. Westhofen.<\/font><\/font><br \/><\/font><\/span><\/p>\n<p><\/font><\/p>\n<p style=\"background: white;margin: 0cm 0cm 7.5pt;line-height: 12pt\">\n<p><\/span><\/p>\n<p style=\"background: white;margin: 0cm 0cm 7.5pt;line-height: 12pt\">\n<p><\/font><\/p>\n<p><\/font><\/div>\n<table WIDTH=\"60%\" BORDER=\"0\" align=\"left\" CELLPADDING=\"0\" CELLSPACING=\"0\"><\/p>\n<tr><\/p>\n<td width=\"53%\"><font size=\"-1\">Artikelnummer:<\/font><\/td>\n<td width=\"47%\"><font size=\"-1\"><strong>7640<\/strong><\/font><\/td>\n<p><\/tr>\n<tr><\/p>\n<td><font size=\"-1\">Inhalt<\/font><\/td>\n<td><font size=\"-1\"><strong><\/strong><\/font><\/td>\n<p><\/tr>\n<tr ALIGN=\"LEFT\"><\/p>\n<td><font size=\"-1\">Preis\/Ltr.<\/font><\/td>\n<td><font size=\"-1\"><strong>36,20 EUR pro Ltr.<\/strong><\/font><\/td>\n<p><\/tr>\n<tr><\/p>\n<td><font size=\"-1\">Weinart:<\/font><\/td>\n<td><font size=\"-1\"><strong><\/strong><\/font><\/td>\n<p><\/tr>\n<tr><\/p>\n<td><font size=\"-1\">Qualit&auml;tsstufe<\/font><\/td>\n<td><font size=\"-1\"><strong><\/strong><\/font><\/td>\n<p><\/tr>\n<tr><\/p>\n<td><font size=\"-1\">Rebsorte<\/font><\/td>\n<td><font size=\"-1\"><strong><\/strong><\/font><\/td>\n<p><\/tr>\n<tr>  <\/p>\n<td><font size=\"-1\">Restzuckergehalt<\/font><\/td>\n<p>  <\/p>\n<td><font size=\"-1\"><strong><\/strong><\/font><\/td>\n<p><\/tr>\n<p><\/p>\n<tr><\/p>\n<td><font size=\"-1\">Alkoholgehalt<\/font><\/td>\n<td><font size=\"-1\"><strong><\/strong><\/font><\/td>\n<p><\/tr>\n<p><\/p>\n<tr>\n<td><font size=\"-1\">Bio:<\/font><\/td>\n<td><font size=\"-1\"><strong>NEIN<\/strong><\/font><\/td>\n<\/tr>\n<p><\/p>\n<tr>\n<td><font size=\"-1\">vegan:<\/font><\/td>\n<td><font size=\"-1\"><strong>NEIN<\/strong><\/font><\/td>\n<\/tr>\n<p><\/p>\n<tr>\n<td><font size=\"-1\">Ursprungsland:<\/font><\/td>\n<td><font size=\"-1\"><strong><\/strong><\/font><\/td>\n<\/tr>\n<p><\/p>\n<tr>\n<td><font size=\"-1\">enth\u00e4lt Allergene:<\/font><\/td>\n<td><font size=\"-1\"><strong>Sulfite<\/strong><\/font><\/td>\n<\/tr>\n<p><\/table>\n","protected":false},"excerpt":{"rendered":"<p>WEINBERGSPFIRSICHLIK\u00d6R 0,5 L WEINBERGSPFIRSCH-LIK\u00d6RVollmundiger, intensivnach Weinbergs-Pfirsich duftender Lik\u00f6r \u2013 hergestellt aus einem Geist ausWeinbergs-Pfirsichen unter Zugabe von Weinbergs-Pfirsich-Fruchtsaft. Dietypische Farbe des Fruchtsafts gibt dem Lik\u00f6r die Farbe.Genie\u00dfen Sie diesen Lik\u00f6r pur, z. B. als Aperetif, als Longdrink in einem Glas Sekt oder zu Eis.Hergestellt von Destille Kaltenthaler. Westhofen. Artikelnummer: 7640 Inhalt Preis\/Ltr. 36,20 EUR pro [&hellip;]<\/p>\n","protected":false},"featured_media":47630,"comment_status":"open","ping_status":"closed","template":"","meta":[],"product_brand":[],"product_cat":[7046,7047],"product_tag":[],"class_list":{"0":"post-47629","1":"product","2":"type-product","3":"status-publish","4":"has-post-thumbnail","6":"product_cat-hochprozentiges","7":"product_cat-specials","9":"first","10":"instock","11":"taxable","12":"shipping-taxable","13":"purchasable","14":"product-type-simple"},"_links":{"self":[{"href":"https:\/\/www.lawall-stoehr.de\/shop\/index.php?rest_route=\/wp\/v2\/product\/47629"}],"collection":[{"href":"https:\/\/www.lawall-stoehr.de\/shop\/index.php?rest_route=\/wp\/v2\/product"}],"about":[{"href":"https:\/\/www.lawall-stoehr.de\/shop\/index.php?rest_route=\/wp\/v2\/types\/product"}],"replies":[{"embeddable":true,"href":"https:\/\/www.lawall-stoehr.de\/shop\/index.php?rest_route=%2Fwp%2Fv2%2Fcomments&post=47629"}],"wp:featuredmedia":[{"embeddable":true,"href":"https:\/\/www.lawall-stoehr.de\/shop\/index.php?rest_route=\/wp\/v2\/media\/47630"}],"wp:attachment":[{"href":"https:\/\/www.lawall-stoehr.de\/shop\/index.php?rest_route=%2Fwp%2Fv2%2Fmedia&parent=47629"}],"wp:term":[{"taxonomy":"product_brand","embeddable":true,"href":"https:\/\/www.lawall-stoehr.de\/shop\/index.php?rest_route=%2Fwp%2Fv2%2Fproduct_brand&post=47629"},{"taxonomy":"product_cat","embeddable":true,"href":"https:\/\/www.lawall-stoehr.de\/shop\/index.php?rest_route=%2Fwp%2Fv2%2Fproduct_cat&post=47629"},{"taxonomy":"product_tag","embeddable":true,"href":"https:\/\/www.lawall-stoehr.de\/shop\/index.php?rest_route=%2Fwp%2Fv2%2Fproduct_tag&post=47629"}],"curies":[{"name":"wp","href":"https:\/\/api.w.org\/{rel}","templated":true}]}}