{"id":47640,"date":"2025-11-26T10:56:48","date_gmt":"2025-11-26T08:56:48","guid":{"rendered":"https:\/\/www.lawall-stoehr.de\/shop\/?product=gutschein-fuer-lawall-stoehr-erleben-12-incl-transfer-hotel-hin-und-zurueck-2-uebernachtungen-im-hotel-persoenlich-buchen-sind-im-gutschein-nicht-enthalten-pro-pers-2"},"modified":"2026-04-01T13:56:07","modified_gmt":"2026-04-01T11:56:07","slug":"gutschein-fuer-lawall-stoehr-erleben-12-incl-transfer-hotel-hin-und-zurueck-2-ubernachtungen-im-hotel-persoenlich-buchen-sind-im-gutschein-nicht-enthalten-pro-pers-2","status":"publish","type":"product","link":"https:\/\/www.lawall-stoehr.de\/shop\/?product=gutschein-fuer-lawall-stoehr-erleben-12-incl-transfer-hotel-hin-und-zurueck-2-ubernachtungen-im-hotel-persoenlich-buchen-sind-im-gutschein-nicht-enthalten-pro-pers-2","title":{"rendered":"<br>Gutschein f\u00fcr LAWALL-ST\u00d6HR. ERLEBEN. 1+2.  incl. Transfer &#8211; Hotel hin und zur\u00fcck &#8211; ( 2 UBERNACHTUNGEN IM HOTEL PERS\u00d6NLICH BUCHEN, SIND IM GUTSCHEIN NICHT ENTHALTEN ) pro Pers.<br>"},"content":{"rendered":"<div align=\"left\"><font size=\"1\">Gutschein f\u00fcr LAWALL-ST\u00d6HR. ERLEBEN. 1+2.  incl. Transfer &#8211; Hotel hin und zur\u00fcck &#8211; ( 2 \u00dcBERNACHTUNGEN IM HOTEL PERS\u00d6NLICH BUCHEN, SIND IM GUTSCHEIN NICHT ENTHALTEN ) pro Pers.<\/p>\n<p>        <font color=\"#666666\"><!-- IBGHTML --><\/p>\n<p align=\"center\"><!-- IBGHTML --><font color=\"#000000\">Kennen Sie auch die Situation?<br \/>&nbsp;Sie sind eingeladen auf ein gro\u00dfes Fest, Hochzeit, Geburtstag, Weihnachten oder wollen Jemanden etwas Gutes tun&nbsp;und wissen nicht, was sie schenken sollen? <br \/>Da der oder die Beschenkte schon Alles hat oder nicht&#8217;s mehr braucht und man Geld nicht schenken will?<br \/><strong>&nbsp;Mit diesem Gutschein f\u00fcr zwei Tage in Rheinhessen &#8211; LAWALL-ST\u00d6HR &#8211; ERLEBEN 1+2 hier bei uns auf&#8217;m Weingut kommen Sie sicher gut an.<\/strong><\/p>\n<p><\/font><font face=\"Frutiger 47 Light Condensed\"><font color=\"#000000\">Bitte beachten Sie.<br \/>&nbsp;Das Angebot des Gutscheines&nbsp;gilt vom Preis her f\u00fcr eine Person. <br \/>Da meistens eine Begleitperson in Form des Partners oder Freundin\/Freund&nbsp;mitreist und Sie den&nbsp;Gutschein&nbsp; f\u00fcr 2 Personen&nbsp; buchen wollen, dazu bitte die Anzahl im Warenkorb&nbsp;auf 2 erh\u00f6hen.&nbsp;<br \/>&nbsp;Oder einfach mit uns telefonisch abkl\u00e4ren.<\/p>\n<p><\/font><font color=\"#000000\"><strong>\u00dcBERNACHTUNGSM\u00d6GLICHKEIT BITTE PERS\u00d6NLLICH BUCHEN, IST IM GUTSCHEIN NICHT ENTHALTEN.<br \/>SIE BUCHEN 2 \u00dcBERNACHTUNGEN.<br \/>GERNE SENDEN WIR IHNEN AUF WUNSCH EINE HOTELLISTE ZU.<br \/><\/strong><br \/><\/font><font color=\"#000000\"><strong>Dieser Gutschein beinhaltet&nbsp;LAWALL-ST\u00d6HR. ERLEBEN.1+2.&nbsp;<br \/>&nbsp;mit rundum-Wohlf\u00fchlprogramm bei uns auf dem Weingut.<br \/>Der Ablauf.<\/p>\n<p>TAG 1 ANREISETAG&nbsp; &#8211; auf eigene Kosten &#8211;<br \/>Sie kommen zu uns auf&#8217;n Hof &#8211; Uhrzeit nach vorheriger Absprache &#8211;<br \/>Kleiner Begr\u00fc\u00dfungstrunk <br \/>Wir f\u00fchren Sie ins Hotel&nbsp;Ihrer Wahl<br \/>Sie beziehen Ihr Zimmer im Hotel <br \/>Abend zur eigenen Verf\u00fcgung oder Treffen zum gemeinsamen Abendessen in Alzey<br \/>&#8211; Jeder bezahlt was er isst und trinkt selbst &#8211;<\/p>\n<p>TAG 2&nbsp; VORMITAG ZUR EIGENEN VERF\u00dcGUNG<br \/>&nbsp;14.00 Uhr ANKUNFT&nbsp;bei uns auf&#8217;n Hof<br \/>-oder bei Lust + guter Laune + guter Wetterlage gef\u00fchrte Wanderung von uns durch die Weinberge<br \/>mit Kaffee + selbstgebackenem Kuchen anserviert am Weinbergsturm Heimersheim.<br \/>&nbsp;Oder F\u00fchrung und Rundgang durch die Weinberge im nahen Weinlehrpfad, anschlie\u00dfend Kaffee und Kuchen im Weingut<\/strong><br \/><\/font><strong><font color=\"#000000\">&#8211; F\u00fchrung und Erkundung unseres Weinguts mit Kellerbesichtigung<br \/>&#8211; Weinprobe &#8218;In die Volle &#8211; halt Rhoihessisch&#8216; mit sp\u00e4terer K\u00e4seplatte<\/p>\n<p>TAG 3 ABREISETAG<br \/>10:30 Uhr&nbsp; Abholung der bestellten Weine und Bezahlung bei uns<\/font><\/strong><\/font><\/p>\n<p><\/font><\/p>\n<p><\/font><\/div>\n<table WIDTH=\"60%\" BORDER=\"0\" align=\"left\" CELLPADDING=\"0\" CELLSPACING=\"0\"><\/p>\n<tr><\/p>\n<td width=\"53%\"><font size=\"-1\">Artikelnummer:<\/font><\/td>\n<td width=\"47%\"><font size=\"-1\"><strong>10203<\/strong><\/font><\/td>\n<p><\/tr>\n<tr><\/p>\n<td><font size=\"-1\">Inhalt<\/font><\/td>\n<td><font size=\"-1\"><strong><\/strong><\/font><\/td>\n<p><\/tr>\n<tr ALIGN=\"LEFT\"><\/p>\n<td><font size=\"-1\">Preis\/Ltr.<\/font><\/td>\n<td><font size=\"-1\"><strong><\/strong><\/font><\/td>\n<p><\/tr>\n<tr><\/p>\n<td><font size=\"-1\">Weinart:<\/font><\/td>\n<td><font size=\"-1\"><strong><\/strong><\/font><\/td>\n<p><\/tr>\n<tr><\/p>\n<td><font size=\"-1\">Qualit&auml;tsstufe<\/font><\/td>\n<td><font size=\"-1\"><strong><\/strong><\/font><\/td>\n<p><\/tr>\n<tr><\/p>\n<td><font size=\"-1\">Rebsorte<\/font><\/td>\n<td><font size=\"-1\"><strong><\/strong><\/font><\/td>\n<p><\/tr>\n<tr>  <\/p>\n<td><font size=\"-1\">Restzuckergehalt<\/font><\/td>\n<p>  <\/p>\n<td><font size=\"-1\"><strong><\/strong><\/font><\/td>\n<p><\/tr>\n<p><\/p>\n<tr><\/p>\n<td><font size=\"-1\">Alkoholgehalt<\/font><\/td>\n<td><font size=\"-1\"><strong><\/strong><\/font><\/td>\n<p><\/tr>\n<p><\/p>\n<tr>\n<td><font size=\"-1\">Bio:<\/font><\/td>\n<td><font size=\"-1\"><strong>NEIN<\/strong><\/font><\/td>\n<\/tr>\n<p><\/p>\n<tr>\n<td><font size=\"-1\">vegan:<\/font><\/td>\n<td><font size=\"-1\"><strong>NEIN<\/strong><\/font><\/td>\n<\/tr>\n<p><\/p>\n<tr>\n<td><font size=\"-1\">Ursprungsland:<\/font><\/td>\n<td><font size=\"-1\"><strong><\/strong><\/font><\/td>\n<\/tr>\n<p><\/p>\n<tr>\n<td><font size=\"-1\">enth\u00e4lt Allergene:<\/font><\/td>\n<td><font size=\"-1\"><strong>Sulfite<\/strong><\/font><\/td>\n<\/tr>\n<p><\/table>\n","protected":false},"excerpt":{"rendered":"<p>Gutschein f\u00fcr LAWALL-ST\u00d6HR. ERLEBEN. 1+2. incl. Transfer &#8211; Hotel hin und zur\u00fcck &#8211; ( 2 \u00dcBERNACHTUNGEN IM HOTEL PERS\u00d6NLICH BUCHEN, SIND IM GUTSCHEIN NICHT ENTHALTEN ) pro Pers. Kennen Sie auch die Situation?&nbsp;Sie sind eingeladen auf ein gro\u00dfes Fest, Hochzeit, Geburtstag, Weihnachten oder wollen Jemanden etwas Gutes tun&nbsp;und wissen nicht, was sie schenken sollen? Da [&hellip;]<\/p>\n","protected":false},"featured_media":47563,"comment_status":"open","ping_status":"closed","template":"","meta":[],"product_brand":[],"product_cat":[7024,7023],"product_tag":[],"class_list":{"0":"post-47640","1":"product","2":"type-product","3":"status-publish","4":"has-post-thumbnail","6":"product_cat-gutschein-fuer-lawall-stoehr-erleben","7":"product_cat-geschenkgutscheine","9":"first","10":"instock","11":"taxable","12":"shipping-taxable","13":"purchasable","14":"product-type-simple"},"_links":{"self":[{"href":"https:\/\/www.lawall-stoehr.de\/shop\/index.php?rest_route=\/wp\/v2\/product\/47640"}],"collection":[{"href":"https:\/\/www.lawall-stoehr.de\/shop\/index.php?rest_route=\/wp\/v2\/product"}],"about":[{"href":"https:\/\/www.lawall-stoehr.de\/shop\/index.php?rest_route=\/wp\/v2\/types\/product"}],"replies":[{"embeddable":true,"href":"https:\/\/www.lawall-stoehr.de\/shop\/index.php?rest_route=%2Fwp%2Fv2%2Fcomments&post=47640"}],"wp:featuredmedia":[{"embeddable":true,"href":"https:\/\/www.lawall-stoehr.de\/shop\/index.php?rest_route=\/wp\/v2\/media\/47563"}],"wp:attachment":[{"href":"https:\/\/www.lawall-stoehr.de\/shop\/index.php?rest_route=%2Fwp%2Fv2%2Fmedia&parent=47640"}],"wp:term":[{"taxonomy":"product_brand","embeddable":true,"href":"https:\/\/www.lawall-stoehr.de\/shop\/index.php?rest_route=%2Fwp%2Fv2%2Fproduct_brand&post=47640"},{"taxonomy":"product_cat","embeddable":true,"href":"https:\/\/www.lawall-stoehr.de\/shop\/index.php?rest_route=%2Fwp%2Fv2%2Fproduct_cat&post=47640"},{"taxonomy":"product_tag","embeddable":true,"href":"https:\/\/www.lawall-stoehr.de\/shop\/index.php?rest_route=%2Fwp%2Fv2%2Fproduct_tag&post=47640"}],"curies":[{"name":"wp","href":"https:\/\/api.w.org\/{rel}","templated":true}]}}