{"id":47643,"date":"2025-11-26T10:56:52","date_gmt":"2025-11-26T08:56:52","guid":{"rendered":"https:\/\/www.lawall-stoehr.de\/shop\/?product=kennenler-weinprobe-klein-pro-person-5-verschieden-rot-und-weissweine-1-secco"},"modified":"2026-04-01T13:56:11","modified_gmt":"2026-04-01T11:56:11","slug":"kennenler-weinprobe-klein-pro-person-5-verschieden-rot-und-weissweine-1-secco","status":"publish","type":"product","link":"https:\/\/www.lawall-stoehr.de\/shop\/?product=kennenler-weinprobe-klein-pro-person-5-verschieden-rot-und-weissweine-1-secco","title":{"rendered":"<br>KENNENLER-WEINPROBE   &#8211; KLEIN &#8211;                 pro Person  5 verschieden Rot- und Wei\u00dfweine + 1 SECCO<br>"},"content":{"rendered":"<div align=\"left\"><font size=\"1\">KENNENLER-WEINPROBE   &#8211; KLEIN &#8211;                 pro Person  5 verschieden Rot- und Wei\u00dfweine + 1 SECCO<\/p>\n<p>        <font color=\"#666666\"><!-- IBGHTML --><font color=\"#727272\" face=\"Frutiger 47 Light Condensed\"><font color=\"#000000\"><\/p>\n<p align=\"center\"><font color=\"#727272\" face=\"Frutiger 47 Light Condensed\"><font color=\"#000000\"><strong>NUR NACH VORHERIGER TERMINABSPRACHEN, AUCH ALS GESCHENKGUTSCHEIN ERH\u00c4LTLICH<\/p>\n<p>DIE PROBE BEINHALTET.<\/p>\n<p>5&nbsp;WEINE&nbsp;&nbsp; &#8211; Rot + &nbsp;Weiss &#8211;&nbsp; &nbsp;+&nbsp;1 SECCO<\/p>\n<p>ZUR&nbsp;PROBE&nbsp;REICHEN WIR ZUS\u00c4TZLICH BROT ZUM NEUTRALISIEREN AN.<\/strong><br \/><\/font><strong><font color=\"#000000\">DAUER DER PROBE CA&nbsp;2,5 STD.<br \/>WIR BER\u00dcCKSICHTIGEN GERNE IHRE W\u00dcNSCHE BEZ\u00dcGLICH DER AUSWAHL DER WEINE SOWIE<br \/>&nbsp;WUNSCHTERMIN DER STATTFINDENEN PROBE.<br \/>BITTE&nbsp;TEILEN SIE UNS DIESE IM VERMERK &#8211; BEMERKUNGEN &#8211; MIT.<\/p>\n<p>WIR KOMMEN DANN GERNE AUF SIE ZU.<\/p>\n<p>ZUS\u00c4TZLICH M\u00d6GLICH.<br \/>BESICHTIGUNG DES WEINGUTES UND WEINKELLER<\/font><\/strong><\/font><\/p>\n<p><\/font><\/font><!-- IBGHTML --><\/font><\/p>\n<p><\/font><\/div>\n<table WIDTH=\"60%\" BORDER=\"0\" align=\"left\" CELLPADDING=\"0\" CELLSPACING=\"0\"><\/p>\n<tr><\/p>\n<td width=\"53%\"><font size=\"-1\">Artikelnummer:<\/font><\/td>\n<td width=\"47%\"><font size=\"-1\"><strong>11011<\/strong><\/font><\/td>\n<p><\/tr>\n<\/table>\n","protected":false},"excerpt":{"rendered":"<p>KENNENLER-WEINPROBE &#8211; KLEIN &#8211; pro Person 5 verschieden Rot- und Wei\u00dfweine + 1 SECCO NUR NACH VORHERIGER TERMINABSPRACHEN, AUCH ALS GESCHENKGUTSCHEIN ERH\u00c4LTLICH DIE PROBE BEINHALTET. 5&nbsp;WEINE&nbsp;&nbsp; &#8211; Rot + &nbsp;Weiss &#8211;&nbsp; &nbsp;+&nbsp;1 SECCO ZUR&nbsp;PROBE&nbsp;REICHEN WIR ZUS\u00c4TZLICH BROT ZUM NEUTRALISIEREN AN.DAUER DER PROBE CA&nbsp;2,5 STD.WIR BER\u00dcCKSICHTIGEN GERNE IHRE W\u00dcNSCHE BEZ\u00dcGLICH DER AUSWAHL DER WEINE SOWIE&nbsp;WUNSCHTERMIN DER [&hellip;]<\/p>\n","protected":false},"featured_media":0,"comment_status":"open","ping_status":"closed","template":"","meta":[],"product_brand":[],"product_cat":[7029,7030],"product_tag":[],"class_list":{"0":"post-47643","1":"product","2":"type-product","3":"status-publish","5":"product_cat-weinprobe","6":"product_cat-weinerlebnisse","8":"first","9":"instock","10":"taxable","11":"shipping-taxable","12":"purchasable","13":"product-type-simple"},"_links":{"self":[{"href":"https:\/\/www.lawall-stoehr.de\/shop\/index.php?rest_route=\/wp\/v2\/product\/47643"}],"collection":[{"href":"https:\/\/www.lawall-stoehr.de\/shop\/index.php?rest_route=\/wp\/v2\/product"}],"about":[{"href":"https:\/\/www.lawall-stoehr.de\/shop\/index.php?rest_route=\/wp\/v2\/types\/product"}],"replies":[{"embeddable":true,"href":"https:\/\/www.lawall-stoehr.de\/shop\/index.php?rest_route=%2Fwp%2Fv2%2Fcomments&post=47643"}],"wp:attachment":[{"href":"https:\/\/www.lawall-stoehr.de\/shop\/index.php?rest_route=%2Fwp%2Fv2%2Fmedia&parent=47643"}],"wp:term":[{"taxonomy":"product_brand","embeddable":true,"href":"https:\/\/www.lawall-stoehr.de\/shop\/index.php?rest_route=%2Fwp%2Fv2%2Fproduct_brand&post=47643"},{"taxonomy":"product_cat","embeddable":true,"href":"https:\/\/www.lawall-stoehr.de\/shop\/index.php?rest_route=%2Fwp%2Fv2%2Fproduct_cat&post=47643"},{"taxonomy":"product_tag","embeddable":true,"href":"https:\/\/www.lawall-stoehr.de\/shop\/index.php?rest_route=%2Fwp%2Fv2%2Fproduct_tag&post=47643"}],"curies":[{"name":"wp","href":"https:\/\/api.w.org\/{rel}","templated":true}]}}