{"id":47650,"date":"2025-11-30T10:30:13","date_gmt":"2025-11-30T08:30:13","guid":{"rendered":"https:\/\/www.lawall-stoehr.de\/shop\/?product=2025er-bacchus-mildqualitaetswein-rheinhessen-075l"},"modified":"2026-03-25T12:13:07","modified_gmt":"2026-03-25T10:13:07","slug":"2025er-bacchus-mildqualitaetswein-rheinhessen-075l","status":"publish","type":"product","link":"https:\/\/www.lawall-stoehr.de\/shop\/?product=2025er-bacchus-mildqualitaetswein-rheinhessen-075l","title":{"rendered":"<br>2025er  BACCHUS  MILD<br>Qualit\u00e4tswein  Rheinhessen   0,75l<br>"},"content":{"rendered":"<div align=\"left\"><font size=\"1\">2025er  BACCHUS  MILD<br \/>Qualit\u00e4tswein  Rheinhessen   0,75l<\/p>\n<p>        <font color=\"#666666\"><!-- IBGHTML --><\/p>\n<p align=\"center\"><!-- IBGHTML --><strong>w\u00e4chst in einer unserer guten Orts-Lagen auf Kalk- Muschel &#8211; Lehmboden.<br \/><\/strong><font color=\"#000000\"><strong>&#8211; Heimersheim &#8211; Sonnenberg -.<br \/><\/strong><strong><\/strong>Helle Farbe, milder Wein mit leichtem aromatischem Bukett nach Mango, Maracuja, reifer Ananas und feinem Muskatton.<br \/>Leichter geschmacksintensiver Wein, Komplex und zarter S\u00e4ure.<br \/>Idealer Begleiter zu S\u00fcss-Sauren Speisen, asiatischen und w\u00fcrzigen Gerichten, zu leichten Desserts und zu K\u00e4se.<br \/><strong>&nbsp;Auch zum &#8222;einfach nur so&#8220; Geniessen &#8211; ein idealer Terassenwein.<\/strong><br \/><\/font><strong><font color=\"#000000\">&#8211; LIEBE &#8211;<br \/>MIT DABEI IM PROBEPAKET&nbsp; &#8211; LIEBE &#8211;<\/font><\/strong><\/p>\n<p><\/font><\/p>\n<p><\/font><\/div>\n<table WIDTH=\"60%\" BORDER=\"0\" align=\"left\" CELLPADDING=\"0\" CELLSPACING=\"0\"><\/p>\n<tr><\/p>\n<td width=\"53%\"><font size=\"-1\">Artikelnummer:<\/font><\/td>\n<td width=\"47%\"><font size=\"-1\"><strong>2672-25<\/strong><\/font><\/td>\n<p><\/tr>\n<tr><\/p>\n<td><font size=\"-1\">Inhalt<\/font><\/td>\n<td><font size=\"-1\"><strong>0,75 Ltr.<\/strong><\/font><\/td>\n<p><\/tr>\n<tr ALIGN=\"LEFT\"><\/p>\n<td><font size=\"-1\">Preis\/Ltr.<\/font><\/td>\n<td><font size=\"-1\"><strong>10,53 EUR pro Ltr.<\/strong><\/font><\/td>\n<p><\/tr>\n<tr><\/p>\n<td><font size=\"-1\">Weinart:<\/font><\/td>\n<td><font size=\"-1\"><strong>Wei\u00dfwein<\/strong><\/font><\/td>\n<p><\/tr>\n<tr><\/p>\n<td><font size=\"-1\">Qualit&auml;tsstufe<\/font><\/td>\n<td><font size=\"-1\"><strong>Qualit\u00e4tswein<\/strong><\/font><\/td>\n<p><\/tr>\n<tr><\/p>\n<td><font size=\"-1\">Rebsorte<\/font><\/td>\n<td><font size=\"-1\"><strong>Bacchus<\/strong><\/font><\/td>\n<p><\/tr>\n<tr>  <\/p>\n<td><font size=\"-1\">Restzuckergehalt<\/font><\/td>\n<p>  <\/p>\n<td><font size=\"-1\"><strong>32,6 g\/Ltr.<\/strong><\/font><\/td>\n<p><\/tr>\n<p><\/p>\n<tr><\/p>\n<td><font size=\"-1\">Alkoholgehalt<\/font><\/td>\n<td><font size=\"-1\"><strong>9,5 Vol. %<\/strong><\/font><\/td>\n<p><\/tr>\n<p><\/p>\n<tr>\n<td><font size=\"-1\">Bio:<\/font><\/td>\n<td><font size=\"-1\"><strong>NEIN<\/strong><\/font><\/td>\n<\/tr>\n<p><\/p>\n<tr>\n<td><font size=\"-1\">vegan:<\/font><\/td>\n<td><font size=\"-1\"><strong>NEIN<\/strong><\/font><\/td>\n<\/tr>\n<p><\/p>\n<tr>\n<td><font size=\"-1\">Ursprungsland:<\/font><\/td>\n<td><font size=\"-1\"><strong><\/strong><\/font><\/td>\n<\/tr>\n<p><\/p>\n<tr>\n<td><font size=\"-1\">enth\u00e4lt Allergene:<\/font><\/td>\n<td><font size=\"-1\"><strong>Sulfite<\/strong><\/font><\/td>\n<\/tr>\n<p><\/table>\n","protected":false},"excerpt":{"rendered":"<p>2025er BACCHUS MILDQualit\u00e4tswein Rheinhessen 0,75l w\u00e4chst in einer unserer guten Orts-Lagen auf Kalk- Muschel &#8211; Lehmboden.&#8211; Heimersheim &#8211; Sonnenberg -.Helle Farbe, milder Wein mit leichtem aromatischem Bukett nach Mango, Maracuja, reifer Ananas und feinem Muskatton.Leichter geschmacksintensiver Wein, Komplex und zarter S\u00e4ure.Idealer Begleiter zu S\u00fcss-Sauren Speisen, asiatischen und w\u00fcrzigen Gerichten, zu leichten Desserts und zu K\u00e4se.&nbsp;Auch [&hellip;]<\/p>\n","protected":false},"featured_media":47537,"comment_status":"open","ping_status":"closed","template":"","meta":[],"product_brand":[],"product_cat":[7037,7034],"product_tag":[],"class_list":{"0":"post-47650","1":"product","2":"type-product","3":"status-publish","4":"has-post-thumbnail","6":"product_cat-ortsweine-weiss","7":"product_cat-weissweine","9":"first","10":"instock","11":"featured","12":"taxable","13":"shipping-taxable","14":"purchasable","15":"product-type-simple"},"_links":{"self":[{"href":"https:\/\/www.lawall-stoehr.de\/shop\/index.php?rest_route=\/wp\/v2\/product\/47650"}],"collection":[{"href":"https:\/\/www.lawall-stoehr.de\/shop\/index.php?rest_route=\/wp\/v2\/product"}],"about":[{"href":"https:\/\/www.lawall-stoehr.de\/shop\/index.php?rest_route=\/wp\/v2\/types\/product"}],"replies":[{"embeddable":true,"href":"https:\/\/www.lawall-stoehr.de\/shop\/index.php?rest_route=%2Fwp%2Fv2%2Fcomments&post=47650"}],"wp:featuredmedia":[{"embeddable":true,"href":"https:\/\/www.lawall-stoehr.de\/shop\/index.php?rest_route=\/wp\/v2\/media\/47537"}],"wp:attachment":[{"href":"https:\/\/www.lawall-stoehr.de\/shop\/index.php?rest_route=%2Fwp%2Fv2%2Fmedia&parent=47650"}],"wp:term":[{"taxonomy":"product_brand","embeddable":true,"href":"https:\/\/www.lawall-stoehr.de\/shop\/index.php?rest_route=%2Fwp%2Fv2%2Fproduct_brand&post=47650"},{"taxonomy":"product_cat","embeddable":true,"href":"https:\/\/www.lawall-stoehr.de\/shop\/index.php?rest_route=%2Fwp%2Fv2%2Fproduct_cat&post=47650"},{"taxonomy":"product_tag","embeddable":true,"href":"https:\/\/www.lawall-stoehr.de\/shop\/index.php?rest_route=%2Fwp%2Fv2%2Fproduct_tag&post=47650"}],"curies":[{"name":"wp","href":"https:\/\/api.w.org\/{rel}","templated":true}]}}